{"id":2016,"date":"2025-09-29T10:10:24","date_gmt":"2025-09-29T10:10:24","guid":{"rendered":"https:\/\/misotech.it\/vision-mision\/"},"modified":"2025-12-05T08:33:18","modified_gmt":"2025-12-05T08:33:18","slug":"vision-mision","status":"publish","type":"page","link":"https:\/\/misotech.it\/es\/vision-mision\/","title":{"rendered":"Visi\u00f3n &amp; Misi\u00f3n"},"content":{"rendered":"\t\t<div data-elementor-type=\"wp-page\" data-elementor-id=\"2016\" class=\"elementor elementor-2016 elementor-903\">\n\t\t\t\t<div class=\"elementor-element elementor-element-1b8a2fd6 e-flex e-con-boxed sc_layouts_column_icons_position_left e-con e-parent\" data-id=\"1b8a2fd6\" data-element_type=\"container\">\n\t\t\t\t\t<div class=\"e-con-inner\">\n\t\t<div class=\"elementor-element elementor-element-4947e922 e-con-full e-flex sc_layouts_column_icons_position_left e-con e-child\" data-id=\"4947e922\" data-element_type=\"container\">\n\t\t\t\t<div class=\"elementor-element elementor-element-86a7fb9 sc_fly_static elementor-widget elementor-widget-image\" data-id=\"86a7fb9\" data-element_type=\"widget\" data-widget_type=\"image.default\">\n\t\t\t\t<div class=\"elementor-widget-container\">\n\t\t\t\t\t\t\t\t\t\t\t\t\t\t\t<img decoding=\"async\" width=\"150\" height=\"48\" src=\"https:\/\/misotech.it\/wp-content\/uploads\/2025\/10\/faviconshort.png\" class=\"attachment-full size-full wp-image-1994\" alt=\"\" \/>\t\t\t\t\t\t\t\t\t\t\t\t\t\t\t<\/div>\n\t\t\t\t<\/div>\n\t\t\t\t<div data-animation-type=\"line\" data-animation-stagger=\"80\" class=\"elementor-element elementor-element-92efb7a animation_type_line sc_fly_static elementor-invisible elementor-widget elementor-widget-trx_elm_advanced_title\" data-id=\"92efb7a\" data-element_type=\"widget\" data-settings=\"{&quot;_animation&quot;:&quot;ta_fadeinup&quot;}\" data-widget_type=\"trx_elm_advanced_title.default\">\n\t\t\t\t<div class=\"elementor-widget-container\">\n\t\t\t\t\t<h1 class=\"trx-addons-advanced-title\" ><span class=\"trx-addons-advanced-title-item trx-addons-advanced-title-item-text elementor-repeater-item-f12f233\">Visi\u00f3n<\/span><\/h1>\t\t\t\t<\/div>\n\t\t\t\t<\/div>\n\t\t\t\t<\/div>\n\t\t<div data-animation-type=\"block\" class=\"elementor-element elementor-element-98ac94f e-con-full e-flex sc_layouts_column_icons_position_left animation_type_block elementor-invisible e-con e-child\" data-id=\"98ac94f\" data-element_type=\"container\" data-settings=\"{&quot;animation&quot;:&quot;ta_fadeinup&quot;,&quot;animation_delay&quot;:100}\">\n\t\t\t\t<div class=\"elementor-element elementor-element-098b905 sc_fly_static elementor-widget elementor-widget-text-editor\" data-id=\"098b905\" data-element_type=\"widget\" data-widget_type=\"text-editor.default\">\n\t\t\t\t<div class=\"elementor-widget-container\">\n\t\t\t\t\t\t\t\t\t<p>Nuestra visi\u00f3n es ser el<strong> socio estrat\u00e9gico<\/strong> de referencia para las empresas a escala mundial, permiti\u00e9ndoles <strong>alcanzar la excelencia operativa<\/strong> y la innovaci\u00f3n sostenible mediante soluciones tecnol\u00f3gicas de vanguardia y consultor\u00eda especializada.<\/p>\t\t\t\t\t\t\t\t<\/div>\n\t\t\t\t<\/div>\n\t\t\t\t<\/div>\n\t\t\t\t<div data-animation-type=\"block\" class=\"elementor-element elementor-element-c749abf animation_type_block sc_fly_static elementor-invisible elementor-widget elementor-widget-image\" data-id=\"c749abf\" data-element_type=\"widget\" data-settings=\"{&quot;_animation&quot;:&quot;ta_fadeinup&quot;,&quot;_animation_delay&quot;:100}\" data-widget_type=\"image.default\">\n\t\t\t\t<div class=\"elementor-widget-container\">\n\t\t\t\t\t\t\t\t\t\t\t\t\t\t\t<img fetchpriority=\"high\" decoding=\"async\" width=\"1290\" height=\"528\" src=\"https:\/\/misotech.it\/wp-content\/uploads\/2025\/10\/vision-misotech-azienda-ragazzotablet.jpg\" class=\"attachment-full size-full wp-image-2017\" alt=\"\" srcset=\"https:\/\/misotech.it\/wp-content\/uploads\/2025\/10\/vision-misotech-azienda-ragazzotablet.jpg 1290w, https:\/\/misotech.it\/wp-content\/uploads\/2025\/10\/vision-misotech-azienda-ragazzotablet-300x123.jpg 300w, https:\/\/misotech.it\/wp-content\/uploads\/2025\/10\/vision-misotech-azienda-ragazzotablet-1024x419.jpg 1024w, https:\/\/misotech.it\/wp-content\/uploads\/2025\/10\/vision-misotech-azienda-ragazzotablet-768x314.jpg 768w, https:\/\/misotech.it\/wp-content\/uploads\/2025\/10\/vision-misotech-azienda-ragazzotablet-370x151.jpg 370w, https:\/\/misotech.it\/wp-content\/uploads\/2025\/10\/vision-misotech-azienda-ragazzotablet-924x378.jpg 924w, https:\/\/misotech.it\/wp-content\/uploads\/2025\/10\/vision-misotech-azienda-ragazzotablet-410x168.jpg 410w\" sizes=\"(max-width: 1290px) 100vw, 1290px\" \/>\t\t\t\t\t\t\t\t\t\t\t\t\t\t\t<\/div>\n\t\t\t\t<\/div>\n\t\t\t\t\t<\/div>\n\t\t\t\t<\/div>\n\t\t<div class=\"elementor-element elementor-element-4bdcf49 e-flex e-con-boxed sc_layouts_column_icons_position_left e-con e-parent\" data-id=\"4bdcf49\" data-element_type=\"container\">\n\t\t\t\t\t<div class=\"e-con-inner\">\n\t\t<div class=\"elementor-element elementor-element-6788636 e-con-full e-flex sc_layouts_column_icons_position_left e-con e-child\" data-id=\"6788636\" data-element_type=\"container\">\n\t\t\t\t<div class=\"elementor-element elementor-element-cc57862 sc_fly_static elementor-widget elementor-widget-image\" data-id=\"cc57862\" data-element_type=\"widget\" data-widget_type=\"image.default\">\n\t\t\t\t<div class=\"elementor-widget-container\">\n\t\t\t\t\t\t\t\t\t\t\t\t\t\t\t<img decoding=\"async\" width=\"150\" height=\"48\" src=\"https:\/\/misotech.it\/wp-content\/uploads\/2025\/10\/faviconshort.png\" class=\"attachment-full size-full wp-image-1994\" alt=\"\" \/>\t\t\t\t\t\t\t\t\t\t\t\t\t\t\t<\/div>\n\t\t\t\t<\/div>\n\t\t\t\t<div data-animation-type=\"block\" class=\"elementor-element elementor-element-c01aa02 animation_type_block sc_fly_static elementor-invisible elementor-widget elementor-widget-heading\" data-id=\"c01aa02\" data-element_type=\"widget\" data-settings=\"{&quot;_animation&quot;:&quot;ta_fadeinup&quot;,&quot;_animation_delay&quot;:100}\" data-widget_type=\"heading.default\">\n\t\t\t\t<div class=\"elementor-widget-container\">\n\t\t\t\t\t<h3 class=\"elementor-heading-title elementor-size-default\">Misi\u00f3n<\/h3>\t\t\t\t<\/div>\n\t\t\t\t<\/div>\n\t\t\t\t<div class=\"elementor-element elementor-element-f3fd426 sc_fly_static elementor-widget elementor-widget-text-editor\" data-id=\"f3fd426\" data-element_type=\"widget\" data-widget_type=\"text-editor.default\">\n\t\t\t\t<div class=\"elementor-widget-container\">\n\t\t\t\t\t\t\t\t\t<p>Nuestra misi\u00f3n es proporcionar a los productores <strong>maquinaria innovadora<\/strong> y <strong>servicios de consultor\u00eda personalizados<\/strong>, apoy\u00e1ndoles en la <strong>optimizaci\u00f3n de los procesos de producci\u00f3<\/strong>n y en la adopci\u00f3n de las mejores tecnolog\u00edas disponibles. Nuestro compromiso es:<\/p>\t\t\t\t\t\t\t\t<\/div>\n\t\t\t\t<\/div>\n\t\t\t\t<\/div>\n\t\t<div class=\"e-con-gap-no elementor-element elementor-element-e67583b e-con-full e-flex sc_layouts_column_icons_position_left e-con e-child\" data-id=\"e67583b\" data-element_type=\"container\">\n\t\t<div data-animation-type=\"block\" class=\"elementor-element elementor-element-9d8f909 e-con-full e-flex sc_layouts_column_icons_position_left animation_type_block elementor-invisible e-con e-child\" data-id=\"9d8f909\" data-element_type=\"container\" data-settings=\"{&quot;animation&quot;:&quot;ta_fadeinup&quot;,&quot;animation_delay&quot;:100}\">\n\t\t<div class=\"elementor-element elementor-element-1f4eb62 e-con-full e-flex sc_layouts_column_icons_position_left e-con e-child\" data-id=\"1f4eb62\" data-element_type=\"container\">\n\t\t\t\t<div class=\"elementor-element elementor-element-255b22b sc_fly_static elementor-widget elementor-widget-heading\" data-id=\"255b22b\" data-element_type=\"widget\" data-widget_type=\"heading.default\">\n\t\t\t\t<div class=\"elementor-widget-container\">\n\t\t\t\t\t<div class=\"elementor-heading-title elementor-size-default\">01<\/div>\t\t\t\t<\/div>\n\t\t\t\t<\/div>\n\t\t\t\t<\/div>\n\t\t<div class=\"elementor-element elementor-element-b18d5ff e-con-full e-flex sc_layouts_column_icons_position_left e-con e-child\" data-id=\"b18d5ff\" data-element_type=\"container\">\n\t\t\t\t<div class=\"elementor-element elementor-element-8ed4831 sc_fly_static elementor-widget elementor-widget-heading\" data-id=\"8ed4831\" data-element_type=\"widget\" data-widget_type=\"heading.default\">\n\t\t\t\t<div class=\"elementor-widget-container\">\n\t\t\t\t\t<h3 class=\"elementor-heading-title elementor-size-default\">Ofrecer maquinaria de \u00faltima generaci\u00f3n<\/h3>\t\t\t\t<\/div>\n\t\t\t\t<\/div>\n\t\t\t\t<\/div>\n\t\t<div class=\"elementor-element elementor-element-810677d e-con-full e-flex sc_layouts_column_icons_position_left e-con e-child\" data-id=\"810677d\" data-element_type=\"container\">\n\t\t\t\t<div class=\"elementor-element elementor-element-1ac89c7 sc_fly_static elementor-widget elementor-widget-text-editor\" data-id=\"1ac89c7\" data-element_type=\"widget\" data-widget_type=\"text-editor.default\">\n\t\t\t\t<div class=\"elementor-widget-container\">\n\t\t\t\t\t\t\t\t\t<p>Seleccionamos y <strong>distribuimos<\/strong> las <strong>tecnolog\u00edas m\u00e1s modernas<\/strong> para la producci\u00f3n l\u00e1ctea, garantizando <strong>fiabilidad<\/strong>, <strong>eficiencia<\/strong> y cumplimiento de los m\u00e1s altos est\u00e1ndares y normas.<\/p>\t\t\t\t\t\t\t\t<\/div>\n\t\t\t\t<\/div>\n\t\t\t\t<\/div>\n\t\t\t\t<\/div>\n\t\t<div data-animation-type=\"block\" class=\"elementor-element elementor-element-ace557b e-con-full e-flex sc_layouts_column_icons_position_left animation_type_block elementor-invisible e-con e-child\" data-id=\"ace557b\" data-element_type=\"container\" data-settings=\"{&quot;animation&quot;:&quot;ta_fadeinup&quot;,&quot;animation_delay&quot;:100}\">\n\t\t<div class=\"elementor-element elementor-element-3ded134 e-con-full e-flex sc_layouts_column_icons_position_left e-con e-child\" data-id=\"3ded134\" data-element_type=\"container\">\n\t\t\t\t<div class=\"elementor-element elementor-element-be19a4c sc_fly_static elementor-widget elementor-widget-heading\" data-id=\"be19a4c\" data-element_type=\"widget\" data-widget_type=\"heading.default\">\n\t\t\t\t<div class=\"elementor-widget-container\">\n\t\t\t\t\t<div class=\"elementor-heading-title elementor-size-default\">02<\/div>\t\t\t\t<\/div>\n\t\t\t\t<\/div>\n\t\t\t\t<\/div>\n\t\t<div class=\"elementor-element elementor-element-bdbd26d e-con-full e-flex sc_layouts_column_icons_position_left e-con e-child\" data-id=\"bdbd26d\" data-element_type=\"container\">\n\t\t\t\t<div class=\"elementor-element elementor-element-7fad3c8 sc_fly_static elementor-widget elementor-widget-heading\" data-id=\"7fad3c8\" data-element_type=\"widget\" data-widget_type=\"heading.default\">\n\t\t\t\t<div class=\"elementor-widget-container\">\n\t\t\t\t\t<h3 class=\"elementor-heading-title elementor-size-default\">Proporcionar consulor\u00eda especializada<\/h3>\t\t\t\t<\/div>\n\t\t\t\t<\/div>\n\t\t\t\t<\/div>\n\t\t<div class=\"elementor-element elementor-element-e538adc e-con-full e-flex sc_layouts_column_icons_position_left e-con e-child\" data-id=\"e538adc\" data-element_type=\"container\">\n\t\t\t\t<div class=\"elementor-element elementor-element-49ac571 sc_fly_static elementor-widget elementor-widget-text-editor\" data-id=\"49ac571\" data-element_type=\"widget\" data-widget_type=\"text-editor.default\">\n\t\t\t\t<div class=\"elementor-widget-container\">\n\t\t\t\t\t\t\t\t\t<p>Ponemos a disposici\u00f3n de nuestros <strong>clientes un equipo<\/strong> de expertos para guiarles en la elecci\u00f3n de las soluciones m\u00e1s adecuadas a sus <strong>necesidades<\/strong>, en la <strong>optimizaci\u00f3n<\/strong> de los flujos de trabajo y en la <strong>mejora continua<\/strong> del rendimiento.<\/p>\t\t\t\t\t\t\t\t<\/div>\n\t\t\t\t<\/div>\n\t\t\t\t<\/div>\n\t\t\t\t<\/div>\n\t\t<div data-animation-type=\"block\" class=\"elementor-element elementor-element-763ab70 e-con-full e-flex sc_layouts_column_icons_position_left animation_type_block elementor-invisible e-con e-child\" data-id=\"763ab70\" data-element_type=\"container\" data-settings=\"{&quot;animation&quot;:&quot;ta_fadeinup&quot;,&quot;animation_delay&quot;:100}\">\n\t\t<div class=\"elementor-element elementor-element-b7789a1 e-con-full e-flex sc_layouts_column_icons_position_left e-con e-child\" data-id=\"b7789a1\" data-element_type=\"container\">\n\t\t\t\t<div class=\"elementor-element elementor-element-85788d3 sc_fly_static elementor-widget elementor-widget-heading\" data-id=\"85788d3\" data-element_type=\"widget\" data-widget_type=\"heading.default\">\n\t\t\t\t<div class=\"elementor-widget-container\">\n\t\t\t\t\t<div class=\"elementor-heading-title elementor-size-default\">03<\/div>\t\t\t\t<\/div>\n\t\t\t\t<\/div>\n\t\t\t\t<\/div>\n\t\t<div class=\"elementor-element elementor-element-23f807a e-con-full e-flex sc_layouts_column_icons_position_left e-con e-child\" data-id=\"23f807a\" data-element_type=\"container\">\n\t\t\t\t<div class=\"elementor-element elementor-element-7e154bb sc_fly_static elementor-widget elementor-widget-heading\" data-id=\"7e154bb\" data-element_type=\"widget\" data-widget_type=\"heading.default\">\n\t\t\t\t<div class=\"elementor-widget-container\">\n\t\t\t\t\t<h3 class=\"elementor-heading-title elementor-size-default\">Promover la innovaci\u00f3n y la sostenibilidad<\/h3>\t\t\t\t<\/div>\n\t\t\t\t<\/div>\n\t\t\t\t<\/div>\n\t\t<div class=\"elementor-element elementor-element-f73b974 e-con-full e-flex sc_layouts_column_icons_position_left e-con e-child\" data-id=\"f73b974\" data-element_type=\"container\">\n\t\t\t\t<div class=\"elementor-element elementor-element-b8eac09 sc_fly_static elementor-widget elementor-widget-text-editor\" data-id=\"b8eac09\" data-element_type=\"widget\" data-widget_type=\"text-editor.default\">\n\t\t\t\t<div class=\"elementor-widget-container\">\n\t\t\t\t\t\t\t\t\t<p>Investigamos y proponemos <strong>soluciones<\/strong> que reduzcan el impacto medioambiental, mejoren la <strong>eficiencia energ\u00e9tica<\/strong> y favorezcan pr\u00e1cticas de producci\u00f3n responsables.<\/p>\t\t\t\t\t\t\t\t<\/div>\n\t\t\t\t<\/div>\n\t\t\t\t<\/div>\n\t\t\t\t<\/div>\n\t\t<div data-animation-type=\"block\" class=\"elementor-element elementor-element-0bf3fb1 e-con-full e-flex sc_layouts_column_icons_position_left animation_type_block elementor-invisible e-con e-child\" data-id=\"0bf3fb1\" data-element_type=\"container\" data-settings=\"{&quot;animation&quot;:&quot;ta_fadeinup&quot;,&quot;animation_delay&quot;:100}\">\n\t\t<div class=\"elementor-element elementor-element-f0c8627 e-con-full e-flex sc_layouts_column_icons_position_left e-con e-child\" data-id=\"f0c8627\" data-element_type=\"container\">\n\t\t\t\t<div class=\"elementor-element elementor-element-3c3f967 sc_fly_static elementor-widget elementor-widget-heading\" data-id=\"3c3f967\" data-element_type=\"widget\" data-widget_type=\"heading.default\">\n\t\t\t\t<div class=\"elementor-widget-container\">\n\t\t\t\t\t<div class=\"elementor-heading-title elementor-size-default\">04<\/div>\t\t\t\t<\/div>\n\t\t\t\t<\/div>\n\t\t\t\t<\/div>\n\t\t<div class=\"elementor-element elementor-element-293a4c3 e-con-full e-flex sc_layouts_column_icons_position_left e-con e-child\" data-id=\"293a4c3\" data-element_type=\"container\">\n\t\t\t\t<div class=\"elementor-element elementor-element-fd40e3d sc_fly_static elementor-widget elementor-widget-heading\" data-id=\"fd40e3d\" data-element_type=\"widget\" data-widget_type=\"heading.default\">\n\t\t\t\t<div class=\"elementor-widget-container\">\n\t\t\t\t\t<h3 class=\"elementor-heading-title elementor-size-default\">Construir relaciones duraderas<\/h3>\t\t\t\t<\/div>\n\t\t\t\t<\/div>\n\t\t\t\t<\/div>\n\t\t<div class=\"elementor-element elementor-element-636c265 e-con-full e-flex sc_layouts_column_icons_position_left e-con e-child\" data-id=\"636c265\" data-element_type=\"container\">\n\t\t\t\t<div class=\"elementor-element elementor-element-223f6be sc_fly_static elementor-widget elementor-widget-text-editor\" data-id=\"223f6be\" data-element_type=\"widget\" data-widget_type=\"text-editor.default\">\n\t\t\t\t<div class=\"elementor-widget-container\">\n\t\t\t\t\t\t\t\t\t<p>Trabajamos en estrecha colaboraci\u00f3n con nuestros clientes, ofreciendo <strong>asistencia t\u00e9cnica y formaci\u00f3n<\/strong> para construir asociaciones basadas en la <strong>confianza<\/strong> y el <strong>\u00e9xito<\/strong> mutuo.<\/p>\t\t\t\t\t\t\t\t<\/div>\n\t\t\t\t<\/div>\n\t\t\t\t<\/div>\n\t\t\t\t<\/div>\n\t\t\t\t<\/div>\n\t\t\t\t\t<\/div>\n\t\t\t\t<\/div>\n\t\t\t\t<\/div>\n\t\t","protected":false},"excerpt":{"rendered":"<p>Visi\u00f3n Nuestra visi\u00f3n es ser el socio estrat\u00e9gico&hellip;<\/p>\n","protected":false},"author":1,"featured_media":0,"parent":0,"menu_order":0,"comment_status":"closed","ping_status":"closed","template":"","meta":{"footnotes":""},"class_list":["post-2016","page","type-page","status-publish","hentry"],"_links":{"self":[{"href":"https:\/\/misotech.it\/es\/wp-json\/wp\/v2\/pages\/2016","targetHints":{"allow":["GET"]}}],"collection":[{"href":"https:\/\/misotech.it\/es\/wp-json\/wp\/v2\/pages"}],"about":[{"href":"https:\/\/misotech.it\/es\/wp-json\/wp\/v2\/types\/page"}],"author":[{"embeddable":true,"href":"https:\/\/misotech.it\/es\/wp-json\/wp\/v2\/users\/1"}],"replies":[{"embeddable":true,"href":"https:\/\/misotech.it\/es\/wp-json\/wp\/v2\/comments?post=2016"}],"version-history":[{"count":1,"href":"https:\/\/misotech.it\/es\/wp-json\/wp\/v2\/pages\/2016\/revisions"}],"predecessor-version":[{"id":2018,"href":"https:\/\/misotech.it\/es\/wp-json\/wp\/v2\/pages\/2016\/revisions\/2018"}],"wp:attachment":[{"href":"https:\/\/misotech.it\/es\/wp-json\/wp\/v2\/media?parent=2016"}],"curies":[{"name":"wp","href":"https:\/\/api.w.org\/{rel}","templated":true}]}}