{"id":2019,"date":"2025-09-29T10:19:50","date_gmt":"2025-09-29T10:19:50","guid":{"rendered":"https:\/\/misotech.it\/valores\/"},"modified":"2025-12-05T08:49:09","modified_gmt":"2025-12-05T08:49:09","slug":"valores","status":"publish","type":"page","link":"https:\/\/misotech.it\/es\/valores\/","title":{"rendered":"Valores"},"content":{"rendered":"\t\t<div data-elementor-type=\"wp-page\" data-elementor-id=\"2019\" class=\"elementor elementor-2019 elementor-908\">\n\t\t\t\t<div class=\"elementor-element elementor-element-1b8a2fd6 e-flex e-con-boxed sc_layouts_column_icons_position_left e-con e-parent\" data-id=\"1b8a2fd6\" data-element_type=\"container\">\n\t\t\t\t\t<div class=\"e-con-inner\">\n\t\t<div class=\"elementor-element elementor-element-4947e922 e-con-full e-flex sc_layouts_column_icons_position_left e-con e-child\" data-id=\"4947e922\" data-element_type=\"container\">\n\t\t\t\t<div class=\"elementor-element elementor-element-86a7fb9 sc_fly_static elementor-widget elementor-widget-image\" data-id=\"86a7fb9\" data-element_type=\"widget\" data-widget_type=\"image.default\">\n\t\t\t\t<div class=\"elementor-widget-container\">\n\t\t\t\t\t\t\t\t\t\t\t\t\t\t\t<img decoding=\"async\" width=\"150\" height=\"48\" src=\"https:\/\/misotech.it\/wp-content\/uploads\/2025\/10\/faviconshort.png\" class=\"attachment-full size-full wp-image-1994\" alt=\"\" \/>\t\t\t\t\t\t\t\t\t\t\t\t\t\t\t<\/div>\n\t\t\t\t<\/div>\n\t\t\t\t<div class=\"elementor-element elementor-element-5f6dd88 sc_fly_static elementor-widget elementor-widget-heading\" data-id=\"5f6dd88\" data-element_type=\"widget\" data-widget_type=\"heading.default\">\n\t\t\t\t<div class=\"elementor-widget-container\">\n\t\t\t\t\t<h1 class=\"elementor-heading-title elementor-size-default\">Innovaci\u00f3n, personalizaci\u00f3n, sostenibilidad, automatizaci\u00f3n y consultor\u00eda: la filosof\u00eda Misotech\u2122<\/h1>\t\t\t\t<\/div>\n\t\t\t\t<\/div>\n\t\t\t\t<\/div>\n\t\t<div data-animation-type=\"block\" class=\"elementor-element elementor-element-2f79488 e-con-full e-flex sc_layouts_column_icons_position_left animation_type_block elementor-invisible e-con e-child\" data-id=\"2f79488\" data-element_type=\"container\" data-settings=\"{&quot;animation&quot;:&quot;ta_fadeinup&quot;,&quot;animation_delay&quot;:100}\">\n\t\t\t\t<div class=\"elementor-element elementor-element-1f48b3d sc_fly_static elementor-widget elementor-widget-text-editor\" data-id=\"1f48b3d\" data-element_type=\"widget\" data-widget_type=\"text-editor.default\">\n\t\t\t\t<div class=\"elementor-widget-container\">\n\t\t\t\t\t\t\t\t\t<p>En la base de cada proyecto de Misotech\u2122 se encuentra una visi\u00f3n clara: ofrecer a las empresas <strong>soluciones tecnol\u00f3gicas<\/strong> que no solo sean avanzadas, sino tambi\u00e9n personalizadas y sostenibles, capaces de acompa\u00f1ar el crecimiento industrial hacia el futuro.<\/p>\t\t\t\t\t\t\t\t<\/div>\n\t\t\t\t<\/div>\n\t\t\t\t<\/div>\n\t\t\t\t<div data-animation-type=\"block\" class=\"elementor-element elementor-element-ff2197e animation_type_block sc_fly_static elementor-invisible elementor-widget elementor-widget-image\" data-id=\"ff2197e\" data-element_type=\"widget\" data-settings=\"{&quot;_animation&quot;:&quot;ta_fadeinup&quot;,&quot;_animation_delay&quot;:100}\" data-widget_type=\"image.default\">\n\t\t\t\t<div class=\"elementor-widget-container\">\n\t\t\t\t\t\t\t\t\t\t\t\t\t\t\t<img fetchpriority=\"high\" decoding=\"async\" width=\"1290\" height=\"528\" src=\"https:\/\/misotech.it\/wp-content\/uploads\/2025\/10\/valori-misotech.jpg\" class=\"attachment-full size-full wp-image-2020\" alt=\"\" srcset=\"https:\/\/misotech.it\/wp-content\/uploads\/2025\/10\/valori-misotech.jpg 1290w, https:\/\/misotech.it\/wp-content\/uploads\/2025\/10\/valori-misotech-300x123.jpg 300w, https:\/\/misotech.it\/wp-content\/uploads\/2025\/10\/valori-misotech-1024x419.jpg 1024w, https:\/\/misotech.it\/wp-content\/uploads\/2025\/10\/valori-misotech-768x314.jpg 768w, https:\/\/misotech.it\/wp-content\/uploads\/2025\/10\/valori-misotech-370x151.jpg 370w, https:\/\/misotech.it\/wp-content\/uploads\/2025\/10\/valori-misotech-924x378.jpg 924w, https:\/\/misotech.it\/wp-content\/uploads\/2025\/10\/valori-misotech-410x168.jpg 410w\" sizes=\"(max-width: 1290px) 100vw, 1290px\" \/>\t\t\t\t\t\t\t\t\t\t\t\t\t\t\t<\/div>\n\t\t\t\t<\/div>\n\t\t\t\t\t<\/div>\n\t\t\t\t<\/div>\n\t\t<div class=\"elementor-element elementor-element-8dec729 e-flex e-con-boxed sc_layouts_column_icons_position_left e-con e-parent\" data-id=\"8dec729\" data-element_type=\"container\" data-settings=\"{&quot;background_background&quot;:&quot;classic&quot;}\">\n\t\t\t\t\t<div class=\"e-con-inner\">\n\t\t<div data-animation-type=\"block\" class=\"elementor-element elementor-element-8373bc8 e-con-full e-flex sc_layouts_column_icons_position_left animation_type_block elementor-invisible e-con e-child\" data-id=\"8373bc8\" data-element_type=\"container\" data-settings=\"{&quot;animation&quot;:&quot;ta_fadeinup&quot;}\">\n\t\t\t\t<div class=\"elementor-element elementor-element-e4036bd sc_fly_static elementor-widget elementor-widget-image\" data-id=\"e4036bd\" data-element_type=\"widget\" data-widget_type=\"image.default\">\n\t\t\t\t<div class=\"elementor-widget-container\">\n\t\t\t\t\t\t\t\t\t\t\t\t\t\t\t<img decoding=\"async\" width=\"150\" height=\"48\" src=\"https:\/\/misotech.it\/wp-content\/uploads\/2025\/10\/faviconshort.png\" class=\"attachment-full size-full wp-image-1994\" alt=\"\" \/>\t\t\t\t\t\t\t\t\t\t\t\t\t\t\t<\/div>\n\t\t\t\t<\/div>\n\t\t\t\t<div class=\"elementor-element elementor-element-f308432 sc_fly_static elementor-widget elementor-widget-heading\" data-id=\"f308432\" data-element_type=\"widget\" data-widget_type=\"heading.default\">\n\t\t\t\t<div class=\"elementor-widget-container\">\n\t\t\t\t\t<h2 class=\"elementor-heading-title elementor-size-default\">Los valores de Misotech\u2122<\/h2>\t\t\t\t<\/div>\n\t\t\t\t<\/div>\n\t\t\t\t<\/div>\n\t\t<div data-animation-type=\"block\" class=\"elementor-element elementor-element-3cfa889 e-grid e-con-full sc_layouts_column_icons_position_left animation_type_block elementor-invisible e-con e-child\" data-id=\"3cfa889\" data-element_type=\"container\" data-settings=\"{&quot;animation&quot;:&quot;ta_fadeinup&quot;}\">\n\t\t\t\t<div class=\"elementor-element elementor-element-4bd18ec sc_fly_static elementor-widget elementor-widget-image\" data-id=\"4bd18ec\" data-element_type=\"widget\" data-widget_type=\"image.default\">\n\t\t\t\t<div class=\"elementor-widget-container\">\n\t\t\t\t\t\t\t\t\t\t\t\t\t\t\t<img decoding=\"async\" width=\"760\" height=\"724\" src=\"https:\/\/misotech.it\/wp-content\/uploads\/2025\/10\/valori-misotech2.jpg\" class=\"attachment-full size-full wp-image-2021\" alt=\"\" srcset=\"https:\/\/misotech.it\/wp-content\/uploads\/2025\/10\/valori-misotech2.jpg 760w, https:\/\/misotech.it\/wp-content\/uploads\/2025\/10\/valori-misotech2-300x286.jpg 300w, https:\/\/misotech.it\/wp-content\/uploads\/2025\/10\/valori-misotech2-370x352.jpg 370w, https:\/\/misotech.it\/wp-content\/uploads\/2025\/10\/valori-misotech2-410x391.jpg 410w\" sizes=\"(max-width: 767px) 100vw, 760px\" \/>\t\t\t\t\t\t\t\t\t\t\t\t\t\t\t<\/div>\n\t\t\t\t<\/div>\n\t\t\t\t<div class=\"elementor-element elementor-element-80262d6 sc_fly_static elementor-widget elementor-widget-trx_elm_accordion\" data-id=\"80262d6\" data-element_type=\"widget\" data-settings=\"{&quot;accordion_type&quot;:&quot;accordion&quot;,&quot;toggle_speed&quot;:300}\" data-widget_type=\"trx_elm_accordion.default\">\n\t\t\t\t<div class=\"elementor-widget-container\">\n\t\t\t\t\t\t\t<div class=\"trx-addons-accordion trx-addons-toggle-icon-align-right\" id=\"trx-addons-accordion-80262d6\" data-accordion-id=\"80262d6\" role=\"tablist\">\n\t\t\t\t\t\t\t<div class=\"trx-addons-accordion-item\">\n\t\t\t\t\t\t\t\t\t\t<div id=\"trx-addons-accordion-tab-title-1341\" class=\"trx-addons-accordion-tab-title\" tabindex=\"0\" data-tab=\"1\" role=\"tab\" aria-controls=\"trx-addons-accordion-tab-content-1341\" aria-expanded=\"false\">\n\t\t\t\t\t\t\t\t\t\t\t\t<span class=\"trx-addons-accordion-title-icon\">\n\t\t\t\t\t\t\t\t\t\t\t\t\t\t<span class=\"trx-addons-accordion-title-text\">\n\t\t\t\t\t\t\t\tInnovaci\u00f3n que transforma los procesos de producci\u00f3n\t\t\t\t\t\t\t<\/span>\n\t\t\t\t\t\t<\/span>\n\t\t\t\t\t\t\t\t\t\t\t\t\t<span class=\"trx-addons-accordion-toggle-icon\">\n\t\t\t\t\t\t\t\t\t\t\t\t\t\t\t\t\t<span class='trx-addons-accordion-toggle-icon-close trx-addons-icon'>\n\t\t\t\t\t\t\t\t\t\t<svg aria-hidden=\"true\" class=\"e-font-icon-svg e-fas-plus\" viewBox=\"0 0 448 512\" xmlns=\"http:\/\/www.w3.org\/2000\/svg\"><path d=\"M416 208H272V64c0-17.67-14.33-32-32-32h-32c-17.67 0-32 14.33-32 32v144H32c-17.67 0-32 14.33-32 32v32c0 17.67 14.33 32 32 32h144v144c0 17.67 14.33 32 32 32h32c17.67 0 32-14.33 32-32V304h144c17.67 0 32-14.33 32-32v-32c0-17.67-14.33-32-32-32z\"><\/path><\/svg>\t\t\t\t\t\t\t\t\t<\/span>\n\t\t\t\t\t\t\t\t\t\t\t\t\t\t\t\t\t\t\t\t\t\t\t\t\t<span class='trx-addons-accordion-toggle-icon-open trx-addons-icon'>\n\t\t\t\t\t\t\t\t\t\t<svg aria-hidden=\"true\" class=\"e-font-icon-svg e-fas-minus\" viewBox=\"0 0 448 512\" xmlns=\"http:\/\/www.w3.org\/2000\/svg\"><path d=\"M416 208H32c-17.67 0-32 14.33-32 32v32c0 17.67 14.33 32 32 32h384c17.67 0 32-14.33 32-32v-32c0-17.67-14.33-32-32-32z\"><\/path><\/svg>\t\t\t\t\t\t\t\t\t<\/span>\n\t\t\t\t\t\t\t\t\t\t\t\t\t\t\t<\/span>\n\t\t\t\t\t\t\t\t\t\t\t<\/div>\n\n\t\t\t\t\t<div id=\"trx-addons-accordion-tab-content-1341\" class=\"trx-addons-accordion-tab-content\" data-tab=\"1\" role=\"tabpanel\" aria-labelledby=\"trx-addons-accordion-tab-title-1341\">\n\t\t\t\t\t\t<p>La innovaci\u00f3n es el coraz\u00f3n de Misotech\u2122. A trav\u00e9s del <strong>MIPP System<\/strong>, un sistema patentado a escala internacional, ofrecemos un enfoque revolucionario para la cadena de <strong>suministro l\u00e1ctea<\/strong>, haciendo que los procesos sean m\u00e1s eficientes, trazables y eficaces. Con nuestro apoyo, las empresas adoptan <strong>tecnolog\u00edas de vanguardia<\/strong> que mejoran la competitividad y reducen los costes operativos.<\/p>\n\t\t\t\t\t<\/div>\n\t\t\t\t<\/div>\n\t\t\t\t\t\t\t<div class=\"trx-addons-accordion-item\">\n\t\t\t\t\t\t\t\t\t\t<div id=\"trx-addons-accordion-tab-title-1342\" class=\"trx-addons-accordion-tab-title\" tabindex=\"0\" data-tab=\"2\" role=\"tab\" aria-controls=\"trx-addons-accordion-tab-content-1342\" aria-expanded=\"false\">\n\t\t\t\t\t\t\t\t\t\t\t\t<span class=\"trx-addons-accordion-title-icon\">\n\t\t\t\t\t\t\t\t\t\t\t\t\t\t<span class=\"trx-addons-accordion-title-text\">\n\t\t\t\t\t\t\t\tPersonalizaci\u00f3n para cada necesidad empresarial\t\t\t\t\t\t\t<\/span>\n\t\t\t\t\t\t<\/span>\n\t\t\t\t\t\t\t\t\t\t\t\t\t<span class=\"trx-addons-accordion-toggle-icon\">\n\t\t\t\t\t\t\t\t\t\t\t\t\t\t\t\t\t<span class='trx-addons-accordion-toggle-icon-close trx-addons-icon'>\n\t\t\t\t\t\t\t\t\t\t<svg aria-hidden=\"true\" class=\"e-font-icon-svg e-fas-plus\" viewBox=\"0 0 448 512\" xmlns=\"http:\/\/www.w3.org\/2000\/svg\"><path d=\"M416 208H272V64c0-17.67-14.33-32-32-32h-32c-17.67 0-32 14.33-32 32v144H32c-17.67 0-32 14.33-32 32v32c0 17.67 14.33 32 32 32h144v144c0 17.67 14.33 32 32 32h32c17.67 0 32-14.33 32-32V304h144c17.67 0 32-14.33 32-32v-32c0-17.67-14.33-32-32-32z\"><\/path><\/svg>\t\t\t\t\t\t\t\t\t<\/span>\n\t\t\t\t\t\t\t\t\t\t\t\t\t\t\t\t\t\t\t\t\t\t\t\t\t<span class='trx-addons-accordion-toggle-icon-open trx-addons-icon'>\n\t\t\t\t\t\t\t\t\t\t<svg aria-hidden=\"true\" class=\"e-font-icon-svg e-fas-minus\" viewBox=\"0 0 448 512\" xmlns=\"http:\/\/www.w3.org\/2000\/svg\"><path d=\"M416 208H32c-17.67 0-32 14.33-32 32v32c0 17.67 14.33 32 32 32h384c17.67 0 32-14.33 32-32v-32c0-17.67-14.33-32-32-32z\"><\/path><\/svg>\t\t\t\t\t\t\t\t\t<\/span>\n\t\t\t\t\t\t\t\t\t\t\t\t\t\t\t<\/span>\n\t\t\t\t\t\t\t\t\t\t\t<\/div>\n\n\t\t\t\t\t<div id=\"trx-addons-accordion-tab-content-1342\" class=\"trx-addons-accordion-tab-content\" data-tab=\"2\" role=\"tabpanel\" aria-labelledby=\"trx-addons-accordion-tab-title-1342\">\n\t\t\t\t\t\t<p>Cada empresa es \u00fanica y requiere herramientas dise\u00f1adas para sus necesidades espec\u00edficas. Por eso ofrecemos <strong>BI Platform<\/strong>, un software de gesti\u00f3n totalmente <strong>personalizable<\/strong>, dise\u00f1ado para integrarse en los flujos de trabajo existentes y garantizar un <strong>control perfecto<\/strong> de todos los <strong>procesos<\/strong>, desde la producci\u00f3n hasta la estrategia.<\/p>\n\t\t\t\t\t<\/div>\n\t\t\t\t<\/div>\n\t\t\t\t\t\t\t<div class=\"trx-addons-accordion-item\">\n\t\t\t\t\t\t\t\t\t\t<div id=\"trx-addons-accordion-tab-title-1343\" class=\"trx-addons-accordion-tab-title\" tabindex=\"0\" data-tab=\"3\" role=\"tab\" aria-controls=\"trx-addons-accordion-tab-content-1343\" aria-expanded=\"false\">\n\t\t\t\t\t\t\t\t\t\t\t\t<span class=\"trx-addons-accordion-title-icon\">\n\t\t\t\t\t\t\t\t\t\t\t\t\t\t<span class=\"trx-addons-accordion-title-text\">\n\t\t\t\t\t\t\t\tLa sostenibilidad como valor concreto\t\t\t\t\t\t\t<\/span>\n\t\t\t\t\t\t<\/span>\n\t\t\t\t\t\t\t\t\t\t\t\t\t<span class=\"trx-addons-accordion-toggle-icon\">\n\t\t\t\t\t\t\t\t\t\t\t\t\t\t\t\t\t<span class='trx-addons-accordion-toggle-icon-close trx-addons-icon'>\n\t\t\t\t\t\t\t\t\t\t<svg aria-hidden=\"true\" class=\"e-font-icon-svg e-fas-plus\" viewBox=\"0 0 448 512\" xmlns=\"http:\/\/www.w3.org\/2000\/svg\"><path d=\"M416 208H272V64c0-17.67-14.33-32-32-32h-32c-17.67 0-32 14.33-32 32v144H32c-17.67 0-32 14.33-32 32v32c0 17.67 14.33 32 32 32h144v144c0 17.67 14.33 32 32 32h32c17.67 0 32-14.33 32-32V304h144c17.67 0 32-14.33 32-32v-32c0-17.67-14.33-32-32-32z\"><\/path><\/svg>\t\t\t\t\t\t\t\t\t<\/span>\n\t\t\t\t\t\t\t\t\t\t\t\t\t\t\t\t\t\t\t\t\t\t\t\t\t<span class='trx-addons-accordion-toggle-icon-open trx-addons-icon'>\n\t\t\t\t\t\t\t\t\t\t<svg aria-hidden=\"true\" class=\"e-font-icon-svg e-fas-minus\" viewBox=\"0 0 448 512\" xmlns=\"http:\/\/www.w3.org\/2000\/svg\"><path d=\"M416 208H32c-17.67 0-32 14.33-32 32v32c0 17.67 14.33 32 32 32h384c17.67 0 32-14.33 32-32v-32c0-17.67-14.33-32-32-32z\"><\/path><\/svg>\t\t\t\t\t\t\t\t\t<\/span>\n\t\t\t\t\t\t\t\t\t\t\t\t\t\t\t<\/span>\n\t\t\t\t\t\t\t\t\t\t\t<\/div>\n\n\t\t\t\t\t<div id=\"trx-addons-accordion-tab-content-1343\" class=\"trx-addons-accordion-tab-content\" data-tab=\"3\" role=\"tabpanel\" aria-labelledby=\"trx-addons-accordion-tab-title-1343\">\n\t\t\t\t\t\t<p>La <strong>sostenibilidad<\/strong> no es un concepto abstracto, sino un objetivo concreto que perseguimos con <strong>tecnolog\u00edas dise\u00f1adas<\/strong> para reducir el desperdicio y el impacto medioambiental. <strong>MIPP System<\/strong>, por ejemplo, permite optimizar el consumo y <strong>mejorar la calidad<\/strong>, garantizando una <strong>producci\u00f3n<\/strong> m\u00e1s <strong>responsable<\/strong> y orientada al futuro.<\/p>\n\t\t\t\t\t<\/div>\n\t\t\t\t<\/div>\n\t\t\t\t\t\t\t<div class=\"trx-addons-accordion-item\">\n\t\t\t\t\t\t\t\t\t\t<div id=\"trx-addons-accordion-tab-title-1344\" class=\"trx-addons-accordion-tab-title\" tabindex=\"0\" data-tab=\"4\" role=\"tab\" aria-controls=\"trx-addons-accordion-tab-content-1344\" aria-expanded=\"false\">\n\t\t\t\t\t\t\t\t\t\t\t\t<span class=\"trx-addons-accordion-title-icon\">\n\t\t\t\t\t\t\t\t\t\t\t\t\t\t<span class=\"trx-addons-accordion-title-text\">\n\t\t\t\t\t\t\t\tAutomatizaci\u00f3n e industria\t\t\t\t\t\t\t<\/span>\n\t\t\t\t\t\t<\/span>\n\t\t\t\t\t\t\t\t\t\t\t\t\t<span class=\"trx-addons-accordion-toggle-icon\">\n\t\t\t\t\t\t\t\t\t\t\t\t\t\t\t\t\t<span class='trx-addons-accordion-toggle-icon-close trx-addons-icon'>\n\t\t\t\t\t\t\t\t\t\t<svg aria-hidden=\"true\" class=\"e-font-icon-svg e-fas-plus\" viewBox=\"0 0 448 512\" xmlns=\"http:\/\/www.w3.org\/2000\/svg\"><path d=\"M416 208H272V64c0-17.67-14.33-32-32-32h-32c-17.67 0-32 14.33-32 32v144H32c-17.67 0-32 14.33-32 32v32c0 17.67 14.33 32 32 32h144v144c0 17.67 14.33 32 32 32h32c17.67 0 32-14.33 32-32V304h144c17.67 0 32-14.33 32-32v-32c0-17.67-14.33-32-32-32z\"><\/path><\/svg>\t\t\t\t\t\t\t\t\t<\/span>\n\t\t\t\t\t\t\t\t\t\t\t\t\t\t\t\t\t\t\t\t\t\t\t\t\t<span class='trx-addons-accordion-toggle-icon-open trx-addons-icon'>\n\t\t\t\t\t\t\t\t\t\t<svg aria-hidden=\"true\" class=\"e-font-icon-svg e-fas-minus\" viewBox=\"0 0 448 512\" xmlns=\"http:\/\/www.w3.org\/2000\/svg\"><path d=\"M416 208H32c-17.67 0-32 14.33-32 32v32c0 17.67 14.33 32 32 32h384c17.67 0 32-14.33 32-32v-32c0-17.67-14.33-32-32-32z\"><\/path><\/svg>\t\t\t\t\t\t\t\t\t<\/span>\n\t\t\t\t\t\t\t\t\t\t\t\t\t\t\t<\/span>\n\t\t\t\t\t\t\t\t\t\t\t<\/div>\n\n\t\t\t\t\t<div id=\"trx-addons-accordion-tab-content-1344\" class=\"trx-addons-accordion-tab-content\" data-tab=\"4\" role=\"tabpanel\" aria-labelledby=\"trx-addons-accordion-tab-title-1344\">\n\t\t\t\t\t\t<p>Gracias a la automatizaci\u00f3n y a la i<strong>ntegraci\u00f3n<\/strong> de <strong>herramientas digitales<\/strong>, ayudamos a las empresas a afrontar la transici\u00f3n hacia la <strong>nueva industria<\/strong>, haciendo que los procesos sean m\u00e1s r\u00e1pidos, seguros e interconectados. Nuestras soluciones, mediante el uso del software <strong>BI Platform<\/strong>, permiten <strong>monitorizar<\/strong>, <strong>analizar <\/strong>y <strong>mejorar<\/strong> la producci\u00f3n con una precisi\u00f3n sin precedentes.<\/p>\n\t\t\t\t\t<\/div>\n\t\t\t\t<\/div>\n\t\t\t\t\t\t\t<div class=\"trx-addons-accordion-item\">\n\t\t\t\t\t\t\t\t\t\t<div id=\"trx-addons-accordion-tab-title-1345\" class=\"trx-addons-accordion-tab-title\" tabindex=\"0\" data-tab=\"5\" role=\"tab\" aria-controls=\"trx-addons-accordion-tab-content-1345\" aria-expanded=\"false\">\n\t\t\t\t\t\t\t\t\t\t\t\t<span class=\"trx-addons-accordion-title-icon\">\n\t\t\t\t\t\t\t\t\t\t\t\t\t\t<span class=\"trx-addons-accordion-title-text\">\n\t\t\t\t\t\t\t\tConsultor\u00eda y asistencia global\t\t\t\t\t\t\t<\/span>\n\t\t\t\t\t\t<\/span>\n\t\t\t\t\t\t\t\t\t\t\t\t\t<span class=\"trx-addons-accordion-toggle-icon\">\n\t\t\t\t\t\t\t\t\t\t\t\t\t\t\t\t\t<span class='trx-addons-accordion-toggle-icon-close trx-addons-icon'>\n\t\t\t\t\t\t\t\t\t\t<svg aria-hidden=\"true\" class=\"e-font-icon-svg e-fas-plus\" viewBox=\"0 0 448 512\" xmlns=\"http:\/\/www.w3.org\/2000\/svg\"><path d=\"M416 208H272V64c0-17.67-14.33-32-32-32h-32c-17.67 0-32 14.33-32 32v144H32c-17.67 0-32 14.33-32 32v32c0 17.67 14.33 32 32 32h144v144c0 17.67 14.33 32 32 32h32c17.67 0 32-14.33 32-32V304h144c17.67 0 32-14.33 32-32v-32c0-17.67-14.33-32-32-32z\"><\/path><\/svg>\t\t\t\t\t\t\t\t\t<\/span>\n\t\t\t\t\t\t\t\t\t\t\t\t\t\t\t\t\t\t\t\t\t\t\t\t\t<span class='trx-addons-accordion-toggle-icon-open trx-addons-icon'>\n\t\t\t\t\t\t\t\t\t\t<svg aria-hidden=\"true\" class=\"e-font-icon-svg e-fas-minus\" viewBox=\"0 0 448 512\" xmlns=\"http:\/\/www.w3.org\/2000\/svg\"><path d=\"M416 208H32c-17.67 0-32 14.33-32 32v32c0 17.67 14.33 32 32 32h384c17.67 0 32-14.33 32-32v-32c0-17.67-14.33-32-32-32z\"><\/path><\/svg>\t\t\t\t\t\t\t\t\t<\/span>\n\t\t\t\t\t\t\t\t\t\t\t\t\t\t\t<\/span>\n\t\t\t\t\t\t\t\t\t\t\t<\/div>\n\n\t\t\t\t\t<div id=\"trx-addons-accordion-tab-content-1345\" class=\"trx-addons-accordion-tab-content\" data-tab=\"5\" role=\"tabpanel\" aria-labelledby=\"trx-addons-accordion-tab-title-1345\">\n\t\t\t\t\t\t<p>No nos limitamos a proporcionar tecnolog\u00eda: ofrecemos un<strong> servicio completo<\/strong> de consultor\u00eda y <strong>asistencia<\/strong> operativa, desde la fase de an\u00e1lisis hasta la implementaci\u00f3n de las soluciones. Nuestra estructura \u00e1gil y especializada nos permite acompa\u00f1ar a <strong>empresas en Europa, Asia y Am\u00e9rica<\/strong>, con un plan de expansi\u00f3n que pronto nos ver\u00e1 llegar tambi\u00e9n en <strong>Estados Unidos.<\/strong><\/p>\n\t\t\t\t\t<\/div>\n\t\t\t\t<\/div>\n\t\t\t\t\t<\/div>\n\t\t\t\t\t\t<\/div>\n\t\t\t\t<\/div>\n\t\t\t\t<\/div>\n\t\t\t\t\t<\/div>\n\t\t\t\t<\/div>\n\t\t\t\t<\/div>\n\t\t","protected":false},"excerpt":{"rendered":"<p>Innovaci\u00f3n, personalizaci\u00f3n, sostenibilidad, automatizaci\u00f3n y consultor\u00eda: la filosof\u00eda&hellip;<\/p>\n","protected":false},"author":1,"featured_media":0,"parent":0,"menu_order":0,"comment_status":"closed","ping_status":"closed","template":"","meta":{"footnotes":""},"class_list":["post-2019","page","type-page","status-publish","hentry"],"_links":{"self":[{"href":"https:\/\/misotech.it\/es\/wp-json\/wp\/v2\/pages\/2019","targetHints":{"allow":["GET"]}}],"collection":[{"href":"https:\/\/misotech.it\/es\/wp-json\/wp\/v2\/pages"}],"about":[{"href":"https:\/\/misotech.it\/es\/wp-json\/wp\/v2\/types\/page"}],"author":[{"embeddable":true,"href":"https:\/\/misotech.it\/es\/wp-json\/wp\/v2\/users\/1"}],"replies":[{"embeddable":true,"href":"https:\/\/misotech.it\/es\/wp-json\/wp\/v2\/comments?post=2019"}],"version-history":[{"count":1,"href":"https:\/\/misotech.it\/es\/wp-json\/wp\/v2\/pages\/2019\/revisions"}],"predecessor-version":[{"id":2022,"href":"https:\/\/misotech.it\/es\/wp-json\/wp\/v2\/pages\/2019\/revisions\/2022"}],"wp:attachment":[{"href":"https:\/\/misotech.it\/es\/wp-json\/wp\/v2\/media?parent=2019"}],"curies":[{"name":"wp","href":"https:\/\/api.w.org\/{rel}","templated":true}]}}