{"id":2029,"date":"2025-09-30T07:54:59","date_gmt":"2025-09-30T07:54:59","guid":{"rendered":"https:\/\/misotech.it\/expansion-global\/"},"modified":"2025-12-05T08:58:06","modified_gmt":"2025-12-05T08:58:06","slug":"expansion-global","status":"publish","type":"page","link":"https:\/\/misotech.it\/es\/expansion-global\/","title":{"rendered":"Expansi\u00f3n global"},"content":{"rendered":"\t\t<div data-elementor-type=\"wp-page\" data-elementor-id=\"2029\" class=\"elementor elementor-2029 elementor-938\">\n\t\t\t\t<div class=\"elementor-element elementor-element-1b8a2fd6 e-flex e-con-boxed sc_layouts_column_icons_position_left e-con e-parent\" data-id=\"1b8a2fd6\" data-element_type=\"container\">\n\t\t\t\t\t<div class=\"e-con-inner\">\n\t\t<div class=\"elementor-element elementor-element-4947e922 e-con-full e-flex sc_layouts_column_icons_position_left e-con e-child\" data-id=\"4947e922\" data-element_type=\"container\">\n\t\t\t\t<div class=\"elementor-element elementor-element-86a7fb9 sc_fly_static elementor-widget elementor-widget-image\" data-id=\"86a7fb9\" data-element_type=\"widget\" data-widget_type=\"image.default\">\n\t\t\t\t<div class=\"elementor-widget-container\">\n\t\t\t\t\t\t\t\t\t\t\t\t\t\t\t<img decoding=\"async\" width=\"150\" height=\"48\" src=\"https:\/\/misotech.it\/wp-content\/uploads\/2025\/10\/faviconshort.png\" class=\"attachment-full size-full wp-image-1994\" alt=\"\" \/>\t\t\t\t\t\t\t\t\t\t\t\t\t\t\t<\/div>\n\t\t\t\t<\/div>\n\t\t\t\t<div class=\"elementor-element elementor-element-fe47d58 elementor-widget__width-initial sc_fly_static elementor-widget elementor-widget-heading\" data-id=\"fe47d58\" data-element_type=\"widget\" data-widget_type=\"heading.default\">\n\t\t\t\t<div class=\"elementor-widget-container\">\n\t\t\t\t\t<h1 class=\"elementor-heading-title elementor-size-default\">Expansi\u00f3n global: Misotech\u2122 crece en Europa, Asia y Am\u00e9rica<\/h1>\t\t\t\t<\/div>\n\t\t\t\t<\/div>\n\t\t\t\t<\/div>\n\t\t<div class=\"e-con-gap-no elementor-element elementor-element-a047b e-con-full e-flex sc_layouts_column_icons_position_left e-con e-child\" data-id=\"a047b\" data-element_type=\"container\">\n\t\t<div data-animation-type=\"block\" class=\"elementor-element elementor-element-45f20dfe e-con-full e-flex sc_layouts_column_icons_position_left animation_type_block elementor-invisible e-con e-child\" data-id=\"45f20dfe\" data-element_type=\"container\" data-settings=\"{&quot;animation&quot;:&quot;ta_fadeinup&quot;,&quot;animation_delay&quot;:100}\">\n\t\t\t\t<div class=\"elementor-element elementor-element-19a13984 sc_fly_static elementor-widget elementor-widget-text-editor\" data-id=\"19a13984\" data-element_type=\"widget\" data-widget_type=\"text-editor.default\">\n\t\t\t\t<div class=\"elementor-widget-container\">\n\t\t\t\t\t\t\t\t\t<p><strong>Misotech\u2122<\/strong> contin\u00faa su proceso de crecimiento con un ambicioso proyecto de <strong>expansi\u00f3n global.<\/strong><\/p><p>Despu\u00e9s de consolidar su presencia en <strong>Europa<\/strong>, la compa\u00f1\u00eda est\u00e1 ampliando sus actividades en <strong>Asia<\/strong> y <strong>Am\u00e9rica<\/strong>, con el objetivo de llevar sus soluciones tecnol\u00f3gicas innovadoras a todo el mundo.<\/p><p>Entre los pr\u00f3ximos <strong>objetivos<\/strong>, est\u00e1 prevista la apertura de una sede operativa en <strong>Estados Unidos<\/strong>, lo que reafirma la solidez del proyecto y la voluntad de <strong>reforzar<\/strong> la presencia en los mercados estrat\u00e9gicos de la automatizaci\u00f3n de la nueva industria.<\/p>\t\t\t\t\t\t\t\t<\/div>\n\t\t\t\t<\/div>\n\t\t\t\t<\/div>\n\t\t<div data-animation-type=\"block\" class=\"elementor-element elementor-element-597d2ebd e-con-full e-flex sc_layouts_column_icons_position_left animation_type_block elementor-invisible e-con e-child\" data-id=\"597d2ebd\" data-element_type=\"container\" data-settings=\"{&quot;animation&quot;:&quot;ta_fadeinup&quot;,&quot;animation_delay&quot;:100}\">\n\t\t\t\t<div class=\"elementor-element elementor-element-a6ea5ef sc_fly_static elementor-widget elementor-widget-image\" data-id=\"a6ea5ef\" data-element_type=\"widget\" data-widget_type=\"image.default\">\n\t\t\t\t<div class=\"elementor-widget-container\">\n\t\t\t\t\t\t\t\t\t\t\t\t\t\t\t<img fetchpriority=\"high\" decoding=\"async\" width=\"1048\" height=\"712\" src=\"https:\/\/misotech.it\/wp-content\/uploads\/2025\/09\/MONDO-MISOTECH-02-02-01-square.jpg\" class=\"attachment-full size-full wp-image-2030\" alt=\"\" srcset=\"https:\/\/misotech.it\/wp-content\/uploads\/2025\/09\/MONDO-MISOTECH-02-02-01-square.jpg 1048w, https:\/\/misotech.it\/wp-content\/uploads\/2025\/09\/MONDO-MISOTECH-02-02-01-square-300x204.jpg 300w, https:\/\/misotech.it\/wp-content\/uploads\/2025\/09\/MONDO-MISOTECH-02-02-01-square-1024x696.jpg 1024w, https:\/\/misotech.it\/wp-content\/uploads\/2025\/09\/MONDO-MISOTECH-02-02-01-square-768x522.jpg 768w, https:\/\/misotech.it\/wp-content\/uploads\/2025\/09\/MONDO-MISOTECH-02-02-01-square-370x251.jpg 370w, https:\/\/misotech.it\/wp-content\/uploads\/2025\/09\/MONDO-MISOTECH-02-02-01-square-924x628.jpg 924w, https:\/\/misotech.it\/wp-content\/uploads\/2025\/09\/MONDO-MISOTECH-02-02-01-square-410x279.jpg 410w\" sizes=\"(max-width: 1048px) 100vw, 1048px\" \/>\t\t\t\t\t\t\t\t\t\t\t\t\t\t\t<\/div>\n\t\t\t\t<\/div>\n\t\t\t\t<\/div>\n\t\t\t\t<\/div>\n\t\t\t\t\t<\/div>\n\t\t\t\t<\/div>\n\t\t\t\t<\/div>\n\t\t","protected":false},"excerpt":{"rendered":"<p>Expansi\u00f3n global: Misotech\u2122 crece en Europa, Asia y&hellip;<\/p>\n","protected":false},"author":1,"featured_media":0,"parent":0,"menu_order":0,"comment_status":"closed","ping_status":"closed","template":"","meta":{"footnotes":""},"class_list":["post-2029","page","type-page","status-publish","hentry"],"_links":{"self":[{"href":"https:\/\/misotech.it\/es\/wp-json\/wp\/v2\/pages\/2029","targetHints":{"allow":["GET"]}}],"collection":[{"href":"https:\/\/misotech.it\/es\/wp-json\/wp\/v2\/pages"}],"about":[{"href":"https:\/\/misotech.it\/es\/wp-json\/wp\/v2\/types\/page"}],"author":[{"embeddable":true,"href":"https:\/\/misotech.it\/es\/wp-json\/wp\/v2\/users\/1"}],"replies":[{"embeddable":true,"href":"https:\/\/misotech.it\/es\/wp-json\/wp\/v2\/comments?post=2029"}],"version-history":[{"count":3,"href":"https:\/\/misotech.it\/es\/wp-json\/wp\/v2\/pages\/2029\/revisions"}],"predecessor-version":[{"id":2033,"href":"https:\/\/misotech.it\/es\/wp-json\/wp\/v2\/pages\/2029\/revisions\/2033"}],"wp:attachment":[{"href":"https:\/\/misotech.it\/es\/wp-json\/wp\/v2\/media?parent=2029"}],"curies":[{"name":"wp","href":"https:\/\/api.w.org\/{rel}","templated":true}]}}