{"id":2053,"date":"2025-09-25T09:36:07","date_gmt":"2025-09-25T09:36:07","guid":{"rendered":"https:\/\/misotech.it\/consultoria\/"},"modified":"2025-12-05T09:39:25","modified_gmt":"2025-12-05T09:39:25","slug":"consultoria","status":"publish","type":"page","link":"https:\/\/misotech.it\/es\/consultoria\/","title":{"rendered":"Consultor\u00eda"},"content":{"rendered":"\t\t<div data-elementor-type=\"wp-page\" data-elementor-id=\"2053\" class=\"elementor elementor-2053 elementor-678\">\n\t\t\t\t<div class=\"elementor-element elementor-element-becee25 e-flex e-con-boxed sc_layouts_column_icons_position_left e-con e-parent\" data-id=\"becee25\" data-element_type=\"container\">\n\t\t\t\t\t<div class=\"e-con-inner\">\n\t\t<div class=\"elementor-element elementor-element-198439b e-con-full e-flex sc_layouts_column_icons_position_left e-con e-child\" data-id=\"198439b\" data-element_type=\"container\">\n\t\t\t\t<div class=\"elementor-element elementor-element-4d0e1ae sc_fly_static elementor-widget elementor-widget-image\" data-id=\"4d0e1ae\" data-element_type=\"widget\" data-widget_type=\"image.default\">\n\t\t\t\t<div class=\"elementor-widget-container\">\n\t\t\t\t\t\t\t\t\t\t\t\t\t\t\t<img decoding=\"async\" width=\"150\" height=\"48\" src=\"https:\/\/misotech.it\/wp-content\/uploads\/2025\/10\/faviconshort.png\" class=\"attachment-full size-full wp-image-1994\" alt=\"\" \/>\t\t\t\t\t\t\t\t\t\t\t\t\t\t\t<\/div>\n\t\t\t\t<\/div>\n\t\t\t\t<div class=\"elementor-element elementor-element-6300339 elementor-widget__width-initial sc_fly_static elementor-widget elementor-widget-heading\" data-id=\"6300339\" data-element_type=\"widget\" data-widget_type=\"heading.default\">\n\t\t\t\t<div class=\"elementor-widget-container\">\n\t\t\t\t\t<h1 class=\"elementor-heading-title elementor-size-default\">Consultor\u00eda Misotech\u2122: asistencia t\u00e9cnica y soluciones a medida<\/h1>\t\t\t\t<\/div>\n\t\t\t\t<\/div>\n\t\t\t\t<\/div>\n\t\t<div class=\"e-con-gap-no elementor-element elementor-element-9b754d0 e-con-full e-flex sc_layouts_column_icons_position_left e-con e-child\" data-id=\"9b754d0\" data-element_type=\"container\">\n\t\t<div data-animation-type=\"block\" class=\"elementor-element elementor-element-01ef654 e-con-full e-flex sc_layouts_column_icons_position_left animation_type_block elementor-invisible e-con e-child\" data-id=\"01ef654\" data-element_type=\"container\" data-settings=\"{&quot;animation&quot;:&quot;ta_fadeinup&quot;,&quot;animation_delay&quot;:100}\">\n\t\t\t\t<div class=\"elementor-element elementor-element-741e17d sc_fly_static elementor-widget elementor-widget-text-editor\" data-id=\"741e17d\" data-element_type=\"widget\" data-widget_type=\"text-editor.default\">\n\t\t\t\t<div class=\"elementor-widget-container\">\n\t\t\t\t\t\t\t\t\t<p>Adem\u00e1s del suministro exclusivo de <strong>MIPP System<\/strong> y del software de gesti\u00f3n <strong>BI Platform<\/strong>, <strong>Misotech\u2122<\/strong> ofrece un paquete completo de servicios especializados, dise\u00f1ados para <strong>acompa\u00f1ar<\/strong> a las empresas en todas las fases del proyecto, desde el an\u00e1lisis inicial hasta la plena operatividad de las instalaciones.<\/p><p>Un <strong>enfoque de consultor\u00eda<\/strong> y orientado a los resultados. Desde el primer contacto, nuestro <strong>equipo acompa\u00f1a al cliente<\/strong> en un <strong>proceso estructurado<\/strong> que incluye: <\/p>\t\t\t\t\t\t\t\t<\/div>\n\t\t\t\t<\/div>\n\t\t\t\t<\/div>\n\t\t<div data-animation-type=\"block\" class=\"elementor-element elementor-element-0038fce e-con-full e-flex sc_layouts_column_icons_position_left animation_type_block elementor-invisible e-con e-child\" data-id=\"0038fce\" data-element_type=\"container\" data-settings=\"{&quot;animation&quot;:&quot;ta_fadeinup&quot;,&quot;animation_delay&quot;:100}\">\n\t\t\t\t<div class=\"elementor-element elementor-element-b421c18 sc_fly_static elementor-widget elementor-widget-text-editor\" data-id=\"b421c18\" data-element_type=\"widget\" data-widget_type=\"text-editor.default\">\n\t\t\t\t<div class=\"elementor-widget-container\">\n\t\t\t\t\t\t\t\t\t<ul><li><strong>An\u00e1lisis<\/strong> de las necesidades de producci\u00f3n<\/li><li><strong>Planificaci\u00f3n<\/strong> estrat\u00e9gica de la soluci\u00f3n t\u00e9cnica<\/li><li><strong>Dise\u00f1o<\/strong> personalizado de las instalacione<\/li><li><strong>Asistencia<\/strong> comercial y marketing operativo<\/li><li>Cada <strong>proyecto<\/strong> se realiza <strong>a medida<\/strong>, con el objetivo de optimizar los procesos, mejorar la eficiencia y favorecer la adopci\u00f3n de tecnolog\u00edas sostenibles e innovadoras.<\/li><\/ul>\t\t\t\t\t\t\t\t<\/div>\n\t\t\t\t<\/div>\n\t\t\t\t<\/div>\n\t\t\t\t<\/div>\n\t\t\t\t<div data-animation-type=\"block\" class=\"elementor-element elementor-element-57a5e9c animation_type_block sc_fly_static elementor-invisible elementor-widget elementor-widget-image\" data-id=\"57a5e9c\" data-element_type=\"widget\" data-settings=\"{&quot;_animation&quot;:&quot;ta_fadeinup&quot;,&quot;_animation_delay&quot;:100}\" data-widget_type=\"image.default\">\n\t\t\t\t<div class=\"elementor-widget-container\">\n\t\t\t\t\t\t\t\t\t\t\t\t\t\t\t<img fetchpriority=\"high\" decoding=\"async\" width=\"1290\" height=\"528\" src=\"https:\/\/misotech.it\/wp-content\/uploads\/2025\/10\/consulenza.misotech1.jpg\" class=\"attachment-full size-full wp-image-2054\" alt=\"\" srcset=\"https:\/\/misotech.it\/wp-content\/uploads\/2025\/10\/consulenza.misotech1.jpg 1290w, https:\/\/misotech.it\/wp-content\/uploads\/2025\/10\/consulenza.misotech1-300x123.jpg 300w, https:\/\/misotech.it\/wp-content\/uploads\/2025\/10\/consulenza.misotech1-1024x419.jpg 1024w, https:\/\/misotech.it\/wp-content\/uploads\/2025\/10\/consulenza.misotech1-768x314.jpg 768w, https:\/\/misotech.it\/wp-content\/uploads\/2025\/10\/consulenza.misotech1-370x151.jpg 370w, https:\/\/misotech.it\/wp-content\/uploads\/2025\/10\/consulenza.misotech1-924x378.jpg 924w, https:\/\/misotech.it\/wp-content\/uploads\/2025\/10\/consulenza.misotech1-410x168.jpg 410w\" sizes=\"(max-width: 1290px) 100vw, 1290px\" \/>\t\t\t\t\t\t\t\t\t\t\t\t\t\t\t<\/div>\n\t\t\t\t<\/div>\n\t\t\t\t\t<\/div>\n\t\t\t\t<\/div>\n\t\t<div class=\"elementor-element elementor-element-8105714 e-flex e-con-boxed sc_layouts_column_icons_position_left e-con e-parent\" data-id=\"8105714\" data-element_type=\"container\" data-settings=\"{&quot;background_background&quot;:&quot;classic&quot;}\">\n\t\t\t\t\t<div class=\"e-con-inner\">\n\t\t<div class=\"elementor-element elementor-element-07a154d e-con-full e-flex sc_layouts_column_icons_position_left e-con e-child\" data-id=\"07a154d\" data-element_type=\"container\">\n\t\t\t\t<div class=\"elementor-element elementor-element-f0b8083 sc_fly_static elementor-widget elementor-widget-image\" data-id=\"f0b8083\" data-element_type=\"widget\" data-widget_type=\"image.default\">\n\t\t\t\t<div class=\"elementor-widget-container\">\n\t\t\t\t\t\t\t\t\t\t\t\t\t\t\t<img decoding=\"async\" width=\"150\" height=\"48\" src=\"https:\/\/misotech.it\/wp-content\/uploads\/2025\/10\/faviconshort.png\" class=\"attachment-full size-full wp-image-1994\" alt=\"\" \/>\t\t\t\t\t\t\t\t\t\t\t\t\t\t\t<\/div>\n\t\t\t\t<\/div>\n\t\t\t\t<div data-animation-type=\"block\" class=\"elementor-element elementor-element-156e508d animation_type_block sc_fly_static elementor-invisible elementor-widget elementor-widget-heading\" data-id=\"156e508d\" data-element_type=\"widget\" data-settings=\"{&quot;_animation&quot;:&quot;ta_fadeinup&quot;,&quot;_animation_delay&quot;:100}\" data-widget_type=\"heading.default\">\n\t\t\t\t<div class=\"elementor-widget-container\">\n\t\t\t\t\t<h2 class=\"elementor-heading-title elementor-size-default\">Asistencia y formaci\u00f3n<\/h2>\t\t\t\t<\/div>\n\t\t\t\t<\/div>\n\t\t\t\t<div data-animation-type=\"block\" class=\"elementor-element elementor-element-7e598b69 elementor-widget__width-initial animation_type_block sc_fly_static elementor-invisible elementor-widget elementor-widget-text-editor\" data-id=\"7e598b69\" data-element_type=\"widget\" data-settings=\"{&quot;_animation&quot;:&quot;ta_fadeinup&quot;,&quot;_animation_delay&quot;:100}\" data-widget_type=\"text-editor.default\">\n\t\t\t\t<div class=\"elementor-widget-container\">\n\t\t\t\t\t\t\t\t\t<p>Incluso despu\u00e9s de la instalaci\u00f3n, permanecemos junto al cliente con un servicio de asistencia:<\/p>\t\t\t\t\t\t\t\t<\/div>\n\t\t\t\t<\/div>\n\t\t<div class=\"elementor-element elementor-element-c095e85 e-grid e-con-full sc_layouts_column_icons_position_left e-con e-child\" data-id=\"c095e85\" data-element_type=\"container\" data-settings=\"{&quot;background_background&quot;:&quot;classic&quot;}\">\n\t\t<div class=\"elementor-element elementor-element-24995f3 e-con-full e-flex sc_layouts_column_icons_position_left e-con e-child\" data-id=\"24995f3\" data-element_type=\"container\" data-settings=\"{&quot;background_background&quot;:&quot;classic&quot;}\">\n\t\t\t\t<div class=\"elementor-element elementor-element-adcd801 sc_fly_static elementor-widget elementor-widget-spacer\" data-id=\"adcd801\" data-element_type=\"widget\" data-widget_type=\"spacer.default\">\n\t\t\t\t<div class=\"elementor-widget-container\">\n\t\t\t\t\t\t\t<div class=\"elementor-spacer\">\n\t\t\t<div class=\"elementor-spacer-inner\"><\/div>\n\t\t<\/div>\n\t\t\t\t\t\t<\/div>\n\t\t\t\t<\/div>\n\t\t<div class=\"elementor-element elementor-element-46191b2 e-con-full e-flex sc_layouts_column_icons_position_left e-con e-child\" data-id=\"46191b2\" data-element_type=\"container\">\n\t\t\t\t<div class=\"elementor-element elementor-element-b92033c sc_fly_static elementor-widget elementor-widget-heading\" data-id=\"b92033c\" data-element_type=\"widget\" data-widget_type=\"heading.default\">\n\t\t\t\t<div class=\"elementor-widget-container\">\n\t\t\t\t\t<p class=\"elementor-heading-title elementor-size-default\">Formaci\u00f3n<\/p>\t\t\t\t<\/div>\n\t\t\t\t<\/div>\n\t\t\t\t<div class=\"elementor-element elementor-element-58f3a96 sc_fly_static elementor-widget elementor-widget-text-editor\" data-id=\"58f3a96\" data-element_type=\"widget\" data-widget_type=\"text-editor.default\">\n\t\t\t\t<div class=\"elementor-widget-container\">\n\t\t\t\t\t\t\t\t\t<p>Formaci\u00f3n personalizada para el uso correcto de m\u00e1quinas y software.<\/p>\t\t\t\t\t\t\t\t<\/div>\n\t\t\t\t<\/div>\n\t\t\t\t<\/div>\n\t\t\t\t<\/div>\n\t\t<div class=\"elementor-element elementor-element-beae38e e-con-full e-flex sc_layouts_column_icons_position_left e-con e-child\" data-id=\"beae38e\" data-element_type=\"container\" data-settings=\"{&quot;background_background&quot;:&quot;classic&quot;}\">\n\t\t\t\t<div class=\"elementor-element elementor-element-af74926 elementor-view-default sc_fly_static elementor-widget elementor-widget-icon\" data-id=\"af74926\" data-element_type=\"widget\" data-widget_type=\"icon.default\">\n\t\t\t\t<div class=\"elementor-widget-container\">\n\t\t\t\t\t\t\t<div class=\"elementor-icon-wrapper\">\n\t\t\t<div class=\"elementor-icon\">\n\t\t\t<svg xmlns=\"http:\/\/www.w3.org\/2000\/svg\" width=\"278\" height=\"268\" viewBox=\"0 0 278 268\" fill=\"none\"><path d=\"M0 127.894C0.289659 126.011 0.434488 124.128 0.796562 122.318C3.69315 107.328 16.0761 96.8278 31.3556 96.4657C35.0487 96.3933 38.7419 96.4657 42.6523 96.4657C43.5212 64.4584 56.1938 38.3891 81.6838 19.0544C101.018 4.42662 123.105 -1.5838 147.219 0.371395C197.982 4.42662 236.072 48.0203 235.348 96.4657C238.896 96.4657 242.517 96.3933 246.065 96.4657C256.782 96.6829 265.472 101.028 271.845 109.718C275.248 114.352 277.131 119.566 277.565 125.287C277.638 126.156 277.855 127.025 278 127.894C278 136.077 278 144.187 278 152.37C277.493 155.194 277.276 158.091 276.479 160.842C272.931 174.094 261.345 183.363 247.586 183.943C242.589 184.16 237.665 184.087 232.668 184.087C227.092 184.087 225.355 182.277 225.355 176.774C225.355 150.197 225.355 123.549 225.355 96.9726C225.282 71.7723 216.375 50.1203 197.837 33.1028C173.506 10.8715 144.829 4.13696 113.401 13.8405C82.3355 23.4717 62.7835 45.0513 54.8903 76.6965C53.2248 83.4311 52.7179 90.6725 52.6455 97.6243C52.3558 123.621 52.4282 149.546 52.6455 175.543C52.7179 182.205 50.1834 184.594 44.535 184.015C44.0281 183.943 43.5212 184.16 42.7247 184.305C43.0143 199.367 48.373 212.257 58.8007 222.902C72.4147 236.805 89.2873 241.223 108.332 239.557C109.998 233.329 113.329 227.971 119.267 224.929C122.453 223.264 126.219 222.178 129.767 221.888C135.85 221.381 142.078 221.598 148.233 221.816C160.254 222.178 169.812 232.026 170.102 244.119C170.392 256.357 161.268 266.713 149.174 267.509C142.802 267.944 136.284 267.871 129.912 267.582C119.701 267.075 112.026 260.992 108.839 251.288C108.694 250.781 108.55 250.275 108.26 249.55C105.363 249.55 102.467 249.55 99.6426 249.55C66.6939 249.478 39.6832 226.957 33.8901 194.588C33.4556 191.981 33.1659 189.374 33.1659 186.767C33.1659 184.739 32.5866 183.943 30.4142 183.87C15.4243 183.146 3.76556 172.863 0.868976 158.235C0.506903 156.497 0.289659 154.687 0.0724147 152.877C0 144.549 0 136.221 0 127.894ZM235.348 174.239C238.824 174.239 242.155 174.239 245.413 174.239C258.593 174.094 267.645 165.332 268.007 152.225C268.224 144.259 268.079 136.294 268.007 128.328C267.934 120.145 264.386 113.7 257.362 109.356C250.41 105.011 242.806 106.314 235.275 106.314C235.348 129.052 235.348 151.501 235.348 174.239ZM42.6523 174.311C42.6523 151.356 42.6523 128.835 42.6523 106.314C38.4522 106.314 34.4694 106.097 30.4866 106.387C19.6968 107.038 10.7898 115.438 10.2829 126.156C9.8484 135.642 9.8484 145.201 10.2829 154.615C10.645 162.653 15.1347 168.446 22.3037 172.067C28.821 175.398 35.7004 173.949 42.6523 174.311ZM139.109 231.519C136.212 231.519 133.315 231.447 130.419 231.519C123.395 231.736 117.964 237.167 117.674 244.119C117.384 251.143 122.308 257.299 129.26 257.733C135.705 258.168 142.295 258.168 148.74 257.733C155.692 257.299 160.543 251.071 160.254 244.047C159.964 237.167 154.605 231.809 147.726 231.519C144.902 231.447 142.005 231.592 139.109 231.519Z\" fill=\"#149EDA\"><\/path><\/svg>\t\t\t<\/div>\n\t\t<\/div>\n\t\t\t\t\t\t<\/div>\n\t\t\t\t<\/div>\n\t\t<div class=\"elementor-element elementor-element-14da0c0 e-con-full e-flex sc_layouts_column_icons_position_left e-con e-child\" data-id=\"14da0c0\" data-element_type=\"container\">\n\t\t\t\t<div class=\"elementor-element elementor-element-383cb10 sc_fly_static elementor-widget elementor-widget-heading\" data-id=\"383cb10\" data-element_type=\"widget\" data-widget_type=\"heading.default\">\n\t\t\t\t<div class=\"elementor-widget-container\">\n\t\t\t\t\t<p class=\"elementor-heading-title elementor-size-default\">Asistencia<\/p>\t\t\t\t<\/div>\n\t\t\t\t<\/div>\n\t\t\t\t<div class=\"elementor-element elementor-element-f0f13db sc_fly_static elementor-widget elementor-widget-text-editor\" data-id=\"f0f13db\" data-element_type=\"widget\" data-widget_type=\"text-editor.default\">\n\t\t\t\t<div class=\"elementor-widget-container\">\n\t\t\t\t\t\t\t\t\t<p>Asistencia t\u00e9cnica continua para cada necesidad operativa.<\/p>\t\t\t\t\t\t\t\t<\/div>\n\t\t\t\t<\/div>\n\t\t\t\t<\/div>\n\t\t\t\t<\/div>\n\t\t<div class=\"elementor-element elementor-element-b0b1928 e-con-full e-flex sc_layouts_column_icons_position_left e-con e-child\" data-id=\"b0b1928\" data-element_type=\"container\" data-settings=\"{&quot;background_background&quot;:&quot;classic&quot;}\">\n\t\t\t\t<div class=\"elementor-element elementor-element-c1b69f5 sc_fly_static elementor-widget elementor-widget-spacer\" data-id=\"c1b69f5\" data-element_type=\"widget\" data-widget_type=\"spacer.default\">\n\t\t\t\t<div class=\"elementor-widget-container\">\n\t\t\t\t\t\t\t<div class=\"elementor-spacer\">\n\t\t\t<div class=\"elementor-spacer-inner\"><\/div>\n\t\t<\/div>\n\t\t\t\t\t\t<\/div>\n\t\t\t\t<\/div>\n\t\t<div class=\"elementor-element elementor-element-e6237f9 e-con-full e-flex sc_layouts_column_icons_position_left e-con e-child\" data-id=\"e6237f9\" data-element_type=\"container\">\n\t\t\t\t<div class=\"elementor-element elementor-element-11d088d sc_fly_static elementor-widget elementor-widget-heading\" data-id=\"11d088d\" data-element_type=\"widget\" data-widget_type=\"heading.default\">\n\t\t\t\t<div class=\"elementor-widget-container\">\n\t\t\t\t\t<p class=\"elementor-heading-title elementor-size-default\">Actualizaciones<\/p>\t\t\t\t<\/div>\n\t\t\t\t<\/div>\n\t\t\t\t<div class=\"elementor-element elementor-element-4831037 sc_fly_static elementor-widget elementor-widget-text-editor\" data-id=\"4831037\" data-element_type=\"widget\" data-widget_type=\"text-editor.default\">\n\t\t\t\t<div class=\"elementor-widget-container\">\n\t\t\t\t\t\t\t\t\t<p>Actualizaciones peri\u00f3dicas de software para garantizar un rendimiento \u00f3ptimo en todo momento.<\/p>\t\t\t\t\t\t\t\t<\/div>\n\t\t\t\t<\/div>\n\t\t\t\t<\/div>\n\t\t\t\t<\/div>\n\t\t\t\t<\/div>\n\t\t\t\t<\/div>\n\t\t\t\t\t<\/div>\n\t\t\t\t<\/div>\n\t\t<div class=\"elementor-element elementor-element-403644b e-flex e-con-boxed sc_layouts_column_icons_position_left e-con e-parent\" data-id=\"403644b\" data-element_type=\"container\" data-settings=\"{&quot;background_background&quot;:&quot;classic&quot;}\">\n\t\t\t\t\t<div class=\"e-con-inner\">\n\t\t<div class=\"elementor-element elementor-element-f43b3f0 e-con-full e-flex sc_layouts_column_icons_position_left e-con e-child\" data-id=\"f43b3f0\" data-element_type=\"container\">\n\t\t\t\t<div data-animation-type=\"block\" class=\"elementor-element elementor-element-311d9f0 animation_type_block sc_fly_static elementor-invisible elementor-widget elementor-widget-image\" data-id=\"311d9f0\" data-element_type=\"widget\" data-settings=\"{&quot;_animation&quot;:&quot;ta_fadeinup&quot;}\" data-widget_type=\"image.default\">\n\t\t\t\t<div class=\"elementor-widget-container\">\n\t\t\t\t\t\t\t\t\t\t\t\t\t\t\t<img decoding=\"async\" width=\"760\" height=\"724\" src=\"https:\/\/misotech.it\/wp-content\/uploads\/2025\/10\/consulenza.misotech.jpg\" class=\"attachment-full size-full wp-image-2055\" alt=\"\" srcset=\"https:\/\/misotech.it\/wp-content\/uploads\/2025\/10\/consulenza.misotech.jpg 760w, https:\/\/misotech.it\/wp-content\/uploads\/2025\/10\/consulenza.misotech-300x286.jpg 300w, https:\/\/misotech.it\/wp-content\/uploads\/2025\/10\/consulenza.misotech-370x352.jpg 370w, https:\/\/misotech.it\/wp-content\/uploads\/2025\/10\/consulenza.misotech-410x391.jpg 410w\" sizes=\"(max-width: 767px) 100vw, 760px\" \/>\t\t\t\t\t\t\t\t\t\t\t\t\t\t\t<\/div>\n\t\t\t\t<\/div>\n\t\t\t\t<\/div>\n\t\t<div data-animation-type=\"block\" class=\"elementor-element elementor-element-e124624 e-con-full e-flex sc_layouts_column_icons_position_left animation_type_block elementor-invisible e-con e-child\" data-id=\"e124624\" data-element_type=\"container\" data-settings=\"{&quot;animation&quot;:&quot;ta_fadeinup&quot;,&quot;animation_delay&quot;:100}\">\n\t\t\t\t<div class=\"elementor-element elementor-element-f9550f9 sc_fly_static elementor-widget elementor-widget-image\" data-id=\"f9550f9\" data-element_type=\"widget\" data-widget_type=\"image.default\">\n\t\t\t\t<div class=\"elementor-widget-container\">\n\t\t\t\t\t\t\t\t\t\t\t\t\t\t\t<img decoding=\"async\" width=\"150\" height=\"48\" src=\"https:\/\/misotech.it\/wp-content\/uploads\/2025\/10\/faviconshort.png\" class=\"attachment-full size-full wp-image-1994\" alt=\"\" \/>\t\t\t\t\t\t\t\t\t\t\t\t\t\t\t<\/div>\n\t\t\t\t<\/div>\n\t\t\t\t<div class=\"elementor-element elementor-element-055208b sc_fly_static elementor-widget elementor-widget-heading\" data-id=\"055208b\" data-element_type=\"widget\" data-widget_type=\"heading.default\">\n\t\t\t\t<div class=\"elementor-widget-container\">\n\t\t\t\t\t<h3 class=\"elementor-heading-title elementor-size-default\">El valor Misotech\u2122: soluciones pr\u00e1cticas, tiempos seguros, asistencia constante<\/h3>\t\t\t\t<\/div>\n\t\t\t\t<\/div>\n\t\t\t\t<div class=\"elementor-element elementor-element-665263b sc_fly_static elementor-widget elementor-widget-text-editor\" data-id=\"665263b\" data-element_type=\"widget\" data-widget_type=\"text-editor.default\">\n\t\t\t\t<div class=\"elementor-widget-container\">\n\t\t\t\t\t\t\t\t\t<p><strong>Misotech\u2122<\/strong> opera en dos sectores clave y complementarios: <strong>l\u00e1cteo<\/strong> e<strong> industrial.<\/strong><\/p><p>En ambos contextos ofrecemos soluciones <strong>tecnol\u00f3gicas avanzadas<\/strong>, dise\u00f1adas para responder a las necesidades reales de las empresas modernas en t\u00e9rminos de <strong>eficiencia<\/strong>, sostenibilidad y <strong>automatizaci\u00f3n de los procesos.<\/strong><\/p>\t\t\t\t\t\t\t\t<\/div>\n\t\t\t\t<\/div>\n\t\t\t\t<div class=\"elementor-element elementor-element-b417b42 sc_fly_static elementor-widget elementor-widget-button\" data-id=\"b417b42\" data-element_type=\"widget\" data-widget_type=\"button.default\">\n\t\t\t\t<div class=\"elementor-widget-container\">\n\t\t\t\t\t\t\t\t\t<div class=\"elementor-button-wrapper\">\n\t\t\t\t\t<a class=\"elementor-button elementor-button-link elementor-size-sm\" href=\"https:\/\/misotech.it\/es\/valores\/\">\n\t\t\t\t\t\t<span class=\"elementor-button-content-wrapper\">\n\t\t\t\t\t\t\t\t\t<span class=\"elementor-button-text\">Los valores de Misotech\u2122<\/span>\n\t\t\t\t\t<\/span>\n\t\t\t\t\t<\/a>\n\t\t\t\t<\/div>\n\t\t\t\t\t\t\t\t<\/div>\n\t\t\t\t<\/div>\n\t\t\t\t<\/div>\n\t\t\t\t\t<\/div>\n\t\t\t\t<\/div>\n\t\t\t\t<\/div>\n\t\t","protected":false},"excerpt":{"rendered":"<p>Consultor\u00eda Misotech\u2122: asistencia t\u00e9cnica y soluciones a medida&hellip;<\/p>\n","protected":false},"author":1,"featured_media":0,"parent":0,"menu_order":0,"comment_status":"closed","ping_status":"closed","template":"","meta":{"footnotes":""},"class_list":["post-2053","page","type-page","status-publish","hentry"],"_links":{"self":[{"href":"https:\/\/misotech.it\/es\/wp-json\/wp\/v2\/pages\/2053","targetHints":{"allow":["GET"]}}],"collection":[{"href":"https:\/\/misotech.it\/es\/wp-json\/wp\/v2\/pages"}],"about":[{"href":"https:\/\/misotech.it\/es\/wp-json\/wp\/v2\/types\/page"}],"author":[{"embeddable":true,"href":"https:\/\/misotech.it\/es\/wp-json\/wp\/v2\/users\/1"}],"replies":[{"embeddable":true,"href":"https:\/\/misotech.it\/es\/wp-json\/wp\/v2\/comments?post=2053"}],"version-history":[{"count":1,"href":"https:\/\/misotech.it\/es\/wp-json\/wp\/v2\/pages\/2053\/revisions"}],"predecessor-version":[{"id":2056,"href":"https:\/\/misotech.it\/es\/wp-json\/wp\/v2\/pages\/2053\/revisions\/2056"}],"wp:attachment":[{"href":"https:\/\/misotech.it\/es\/wp-json\/wp\/v2\/media?parent=2053"}],"curies":[{"name":"wp","href":"https:\/\/api.w.org\/{rel}","templated":true}]}}