{"id":2062,"date":"2025-09-30T08:20:49","date_gmt":"2025-09-30T08:20:49","guid":{"rendered":"https:\/\/misotech.it\/sectores\/"},"modified":"2025-12-09T09:38:01","modified_gmt":"2025-12-09T09:38:01","slug":"sectores","status":"publish","type":"page","link":"https:\/\/misotech.it\/es\/sectores\/","title":{"rendered":"Sectores"},"content":{"rendered":"\t\t<div data-elementor-type=\"wp-page\" data-elementor-id=\"2062\" class=\"elementor elementor-2062 elementor-949\">\n\t\t\t\t<div class=\"elementor-element elementor-element-1b8a2fd6 e-flex e-con-boxed sc_layouts_column_icons_position_left e-con e-parent\" data-id=\"1b8a2fd6\" data-element_type=\"container\">\n\t\t\t\t\t<div class=\"e-con-inner\">\n\t\t<div class=\"elementor-element elementor-element-4947e922 e-con-full e-flex sc_layouts_column_icons_position_left e-con e-child\" data-id=\"4947e922\" data-element_type=\"container\">\n\t\t\t\t<div class=\"elementor-element elementor-element-86a7fb9 sc_fly_static elementor-widget elementor-widget-image\" data-id=\"86a7fb9\" data-element_type=\"widget\" data-widget_type=\"image.default\">\n\t\t\t\t<div class=\"elementor-widget-container\">\n\t\t\t\t\t\t\t\t\t\t\t\t\t\t\t<img decoding=\"async\" width=\"150\" height=\"48\" src=\"https:\/\/misotech.it\/wp-content\/uploads\/2025\/10\/faviconshort.png\" class=\"attachment-full size-full wp-image-1994\" alt=\"\" \/>\t\t\t\t\t\t\t\t\t\t\t\t\t\t\t<\/div>\n\t\t\t\t<\/div>\n\t\t\t\t<div class=\"elementor-element elementor-element-1ffcc5f elementor-widget__width-initial sc_fly_static elementor-widget elementor-widget-heading\" data-id=\"1ffcc5f\" data-element_type=\"widget\" data-widget_type=\"heading.default\">\n\t\t\t\t<div class=\"elementor-widget-container\">\n\t\t\t\t\t<h1 class=\"elementor-heading-title elementor-size-default\">Sectores de aplicaci\u00f3n: \nsoluciones Misotech\u2122 \npara los sectores l\u00e1cteo e industrial<\/h1>\t\t\t\t<\/div>\n\t\t\t\t<\/div>\n\t\t\t\t<\/div>\n\t\t<div class=\"e-con-gap-no elementor-element elementor-element-a047b e-con-full e-flex sc_layouts_column_icons_position_left e-con e-child\" data-id=\"a047b\" data-element_type=\"container\">\n\t\t<div data-animation-type=\"block\" class=\"elementor-element elementor-element-45f20dfe e-con-full e-flex sc_layouts_column_icons_position_left animation_type_block elementor-invisible e-con e-child\" data-id=\"45f20dfe\" data-element_type=\"container\" data-settings=\"{&quot;animation&quot;:&quot;ta_fadeinup&quot;,&quot;animation_delay&quot;:100}\">\n\t\t\t\t<div class=\"elementor-element elementor-element-19a13984 sc_fly_static elementor-widget elementor-widget-text-editor\" data-id=\"19a13984\" data-element_type=\"widget\" data-widget_type=\"text-editor.default\">\n\t\t\t\t<div class=\"elementor-widget-container\">\n\t\t\t\t\t\t\t\t\t<p><strong>Misotech\u2122<\/strong> opera en dos sectores clave y complementarios: l\u00e1cteo e<strong> industrial.<\/strong><br>En ambos contextos ofrecemos soluciones tecnol\u00f3gicas avanzadas, dise\u00f1adas para responder a las necesidades reales de las empresas en t\u00e9rminos de eficiencia, sostenibilidad y automatizaci\u00f3n de los procesos.<\/p>\t\t\t\t\t\t\t\t<\/div>\n\t\t\t\t<\/div>\n\t\t\t\t<\/div>\n\t\t\t\t<\/div>\n\t\t\t\t<div data-animation-type=\"block\" class=\"elementor-element elementor-element-64e714fb animation_type_block sc_fly_static elementor-invisible elementor-widget elementor-widget-image\" data-id=\"64e714fb\" data-element_type=\"widget\" data-settings=\"{&quot;_animation&quot;:&quot;ta_fadeinup&quot;,&quot;_animation_delay&quot;:100}\" data-widget_type=\"image.default\">\n\t\t\t\t<div class=\"elementor-widget-container\">\n\t\t\t\t\t\t\t\t\t\t\t\t\t\t\t<img fetchpriority=\"high\" decoding=\"async\" width=\"1290\" height=\"580\" src=\"https:\/\/misotech.it\/wp-content\/uploads\/2025\/10\/robot-that-has-word-robot-it.jpg\" class=\"attachment-full size-full wp-image-2068\" alt=\"\" srcset=\"https:\/\/misotech.it\/wp-content\/uploads\/2025\/10\/robot-that-has-word-robot-it.jpg 1290w, https:\/\/misotech.it\/wp-content\/uploads\/2025\/10\/robot-that-has-word-robot-it-300x135.jpg 300w, https:\/\/misotech.it\/wp-content\/uploads\/2025\/10\/robot-that-has-word-robot-it-1024x460.jpg 1024w, https:\/\/misotech.it\/wp-content\/uploads\/2025\/10\/robot-that-has-word-robot-it-768x345.jpg 768w, https:\/\/misotech.it\/wp-content\/uploads\/2025\/10\/robot-that-has-word-robot-it-370x166.jpg 370w, https:\/\/misotech.it\/wp-content\/uploads\/2025\/10\/robot-that-has-word-robot-it-924x415.jpg 924w, https:\/\/misotech.it\/wp-content\/uploads\/2025\/10\/robot-that-has-word-robot-it-410x184.jpg 410w\" sizes=\"(max-width: 1290px) 100vw, 1290px\" \/>\t\t\t\t\t\t\t\t\t\t\t\t\t\t\t<\/div>\n\t\t\t\t<\/div>\n\t\t\t\t\t<\/div>\n\t\t\t\t<\/div>\n\t\t<div class=\"elementor-element elementor-element-6cc6bd5 e-flex e-con-boxed sc_layouts_column_icons_position_left e-con e-parent\" data-id=\"6cc6bd5\" data-element_type=\"container\" data-settings=\"{&quot;background_background&quot;:&quot;classic&quot;}\">\n\t\t\t\t\t<div class=\"e-con-inner\">\n\t\t<div class=\"elementor-element elementor-element-91d7b66 e-con-full e-flex sc_layouts_column_icons_position_left e-con e-child\" data-id=\"91d7b66\" data-element_type=\"container\">\n\t\t\t\t<div class=\"elementor-element elementor-element-f16d422 sc_fly_static elementor-widget elementor-widget-image\" data-id=\"f16d422\" data-element_type=\"widget\" data-widget_type=\"image.default\">\n\t\t\t\t<div class=\"elementor-widget-container\">\n\t\t\t\t\t\t\t\t\t\t\t\t\t\t\t<img decoding=\"async\" width=\"600\" height=\"700\" src=\"https:\/\/misotech.it\/wp-content\/uploads\/2025\/10\/renderMacchinario0019.png\" class=\"attachment-full size-full wp-image-2041\" alt=\"\" srcset=\"https:\/\/misotech.it\/wp-content\/uploads\/2025\/10\/renderMacchinario0019.png 600w, https:\/\/misotech.it\/wp-content\/uploads\/2025\/10\/renderMacchinario0019-257x300.png 257w, https:\/\/misotech.it\/wp-content\/uploads\/2025\/10\/renderMacchinario0019-370x432.png 370w, https:\/\/misotech.it\/wp-content\/uploads\/2025\/10\/renderMacchinario0019-410x478.png 410w\" sizes=\"(max-width: 767px) 100vw, 600px\" \/>\t\t\t\t\t\t\t\t\t\t\t\t\t\t\t<\/div>\n\t\t\t\t<\/div>\n\t\t\t\t<\/div>\n\t\t<div data-animation-type=\"block\" class=\"elementor-element elementor-element-84edab7 e-con-full e-flex sc_layouts_column_icons_position_left animation_type_block elementor-invisible e-con e-child\" data-id=\"84edab7\" data-element_type=\"container\" data-settings=\"{&quot;animation&quot;:&quot;ta_fadeinup&quot;,&quot;animation_delay&quot;:100}\">\n\t\t\t\t<div class=\"elementor-element elementor-element-ff23afa sc_fly_static elementor-widget elementor-widget-image\" data-id=\"ff23afa\" data-element_type=\"widget\" data-widget_type=\"image.default\">\n\t\t\t\t<div class=\"elementor-widget-container\">\n\t\t\t\t\t\t\t\t\t\t\t\t\t\t\t<img decoding=\"async\" width=\"150\" height=\"48\" src=\"https:\/\/misotech.it\/wp-content\/uploads\/2025\/10\/faviconshort.png\" class=\"attachment-full size-full wp-image-1994\" alt=\"\" \/>\t\t\t\t\t\t\t\t\t\t\t\t\t\t\t<\/div>\n\t\t\t\t<\/div>\n\t\t\t\t<div class=\"elementor-element elementor-element-0a66dee sc_fly_static elementor-widget elementor-widget-heading\" data-id=\"0a66dee\" data-element_type=\"widget\" data-widget_type=\"heading.default\">\n\t\t\t\t<div class=\"elementor-widget-container\">\n\t\t\t\t\t<h2 class=\"elementor-heading-title elementor-size-default\">Industria l\u00e1ctea: refrigeraci\u00f3n por aire e innovaci\u00f3n sostenible<\/h2>\t\t\t\t<\/div>\n\t\t\t\t<\/div>\n\t\t\t\t<div class=\"elementor-element elementor-element-900ceac sc_fly_static elementor-widget elementor-widget-text-editor\" data-id=\"900ceac\" data-element_type=\"widget\" data-widget_type=\"text-editor.default\">\n\t\t\t\t<div class=\"elementor-widget-container\">\n\t\t\t\t\t\t\t\t\t<p>En el sector l\u00e1cteo, el n\u00facleo de nuestra propuesta es <strong>MIPP System<\/strong>, una tecnolog\u00eda patentada para la refrigeraci\u00f3n por aire de los productos de pasta hilada.<br>Este sistema sustituye a los sistemas tradicionales de agua, lo cual mejora la eficiencia energ\u00e9tica, disminuye el consumo y reduce los costes operativos.<\/p><p>Las ventajas de <strong>MIPP System<\/strong> para las queser\u00edas:<\/p><ul><li><strong>Refrigeraci\u00f3n por aire sin uso de agua<\/strong><\/li><li><strong>Dise\u00f1o compacto y modular<\/strong><\/li><li><strong>Mayor velocidad de producci\u00f3n<\/strong><\/li><li><strong>Reducci\u00f3n del impacto medioambiental<\/strong><\/li><\/ul><p>Colaboramos con queser\u00edas industriales, empresas de transformaci\u00f3n y productores del sector l\u00e1cteo que desean innovar y optimizar su cadena de producci\u00f3n.<\/p>\t\t\t\t\t\t\t\t<\/div>\n\t\t\t\t<\/div>\n\t\t\t\t<div class=\"elementor-element elementor-element-ea3b019 sc_fly_static elementor-widget elementor-widget-button\" data-id=\"ea3b019\" data-element_type=\"widget\" data-widget_type=\"button.default\">\n\t\t\t\t<div class=\"elementor-widget-container\">\n\t\t\t\t\t\t\t\t\t<div class=\"elementor-button-wrapper\">\n\t\t\t\t\t<a class=\"elementor-button elementor-button-link elementor-size-sm\" href=\"https:\/\/mippsystem.com\/\" target=\"_blank\" rel=\"noopener\">\n\t\t\t\t\t\t<span class=\"elementor-button-content-wrapper\">\n\t\t\t\t\t\t\t\t\t<span class=\"elementor-button-text\">Descubra MIPP System<\/span>\n\t\t\t\t\t<\/span>\n\t\t\t\t\t<\/a>\n\t\t\t\t<\/div>\n\t\t\t\t\t\t\t\t<\/div>\n\t\t\t\t<\/div>\n\t\t\t\t<\/div>\n\t\t\t\t\t<\/div>\n\t\t\t\t<\/div>\n\t\t<div class=\"elementor-element elementor-element-59bb27d e-flex e-con-boxed sc_layouts_column_icons_position_left e-con e-parent\" data-id=\"59bb27d\" data-element_type=\"container\" data-settings=\"{&quot;background_background&quot;:&quot;classic&quot;}\">\n\t\t\t\t\t<div class=\"e-con-inner\">\n\t\t<div data-animation-type=\"block\" class=\"elementor-element elementor-element-49fbd40 e-con-full e-flex sc_layouts_column_icons_position_left animation_type_block elementor-invisible e-con e-child\" data-id=\"49fbd40\" data-element_type=\"container\" data-settings=\"{&quot;animation&quot;:&quot;ta_fadeinup&quot;,&quot;animation_delay&quot;:100}\">\n\t\t\t\t<div class=\"elementor-element elementor-element-7bca148 sc_fly_static elementor-widget elementor-widget-image\" data-id=\"7bca148\" data-element_type=\"widget\" data-widget_type=\"image.default\">\n\t\t\t\t<div class=\"elementor-widget-container\">\n\t\t\t\t\t\t\t\t\t\t\t\t\t\t\t<img decoding=\"async\" width=\"150\" height=\"48\" src=\"https:\/\/misotech.it\/wp-content\/uploads\/2025\/10\/faviconshort.png\" class=\"attachment-full size-full wp-image-1994\" alt=\"\" \/>\t\t\t\t\t\t\t\t\t\t\t\t\t\t\t<\/div>\n\t\t\t\t<\/div>\n\t\t\t\t<div class=\"elementor-element elementor-element-97b5734 sc_fly_static elementor-widget elementor-widget-heading\" data-id=\"97b5734\" data-element_type=\"widget\" data-widget_type=\"heading.default\">\n\t\t\t\t<div class=\"elementor-widget-container\">\n\t\t\t\t\t<h2 class=\"elementor-heading-title elementor-size-default\">Gesti\u00f3n simplificada con BI Platform<\/h2>\t\t\t\t<\/div>\n\t\t\t\t<\/div>\n\t\t\t\t<div class=\"elementor-element elementor-element-d5539c7 sc_fly_static elementor-widget elementor-widget-text-editor\" data-id=\"d5539c7\" data-element_type=\"widget\" data-widget_type=\"text-editor.default\">\n\t\t\t\t<div class=\"elementor-widget-container\">\n\t\t\t\t\t\t\t\t\t<p>Para el mundo industrial y las peque\u00f1as y medianas empresas, ofrecemos BI Platform, un software de gesti\u00f3n personalizable dise\u00f1ado para digitalizar y simplificar los procesos internos.<\/p><p><strong>BI Platform<\/strong> permite gestionar de manera eficaz:<\/p><ul><li><strong>Producci\u00f3n y almacenamiento;<\/strong><\/li><li><strong>Log\u00edstica y organizaci\u00f3n interna;<\/strong><\/li><li><strong>Procesos comerciales y estrat\u00e9gicos;<\/strong><\/li><li><strong>Integraci\u00f3n con ERP, CRM y otros sistemas empresariales.<\/strong><\/li><\/ul><p>Gracias a su modularidad y flexibilidad, <strong>BI Platform<\/strong> se adapta perfectamente tanto a la peque\u00f1a empresa artesanal como a las compa\u00f1\u00edas industriales en fase de crecimiento, favoreciendo la automatizaci\u00f3n y el control de los datos.<\/p>\t\t\t\t\t\t\t\t<\/div>\n\t\t\t\t<\/div>\n\t\t\t\t<div class=\"elementor-element elementor-element-989092d sc_fly_static elementor-widget elementor-widget-button\" data-id=\"989092d\" data-element_type=\"widget\" data-widget_type=\"button.default\">\n\t\t\t\t<div class=\"elementor-widget-container\">\n\t\t\t\t\t\t\t\t\t<div class=\"elementor-button-wrapper\">\n\t\t\t\t\t<a class=\"elementor-button elementor-button-link elementor-size-sm\" href=\"https:\/\/misotech.it\/es\/bi-platform\/\">\n\t\t\t\t\t\t<span class=\"elementor-button-content-wrapper\">\n\t\t\t\t\t\t\t\t\t<span class=\"elementor-button-text\">Descubra BI Platform<\/span>\n\t\t\t\t\t<\/span>\n\t\t\t\t\t<\/a>\n\t\t\t\t<\/div>\n\t\t\t\t\t\t\t\t<\/div>\n\t\t\t\t<\/div>\n\t\t\t\t<\/div>\n\t\t<div class=\"elementor-element elementor-element-3e0de44 e-con-full e-flex sc_layouts_column_icons_position_left e-con e-child\" data-id=\"3e0de44\" data-element_type=\"container\">\n\t\t\t\t<div data-animation-type=\"block\" class=\"elementor-element elementor-element-7690e02 animation_type_block sc_fly_static elementor-invisible elementor-widget elementor-widget-image\" data-id=\"7690e02\" data-element_type=\"widget\" data-settings=\"{&quot;_animation&quot;:&quot;ta_fadeinup&quot;}\" data-widget_type=\"image.default\">\n\t\t\t\t<div class=\"elementor-widget-container\">\n\t\t\t\t\t\t\t\t\t\t\t\t\t\t\t<img loading=\"lazy\" decoding=\"async\" width=\"675\" height=\"694\" src=\"https:\/\/misotech.it\/wp-content\/uploads\/2025\/12\/biplatform.png\" class=\"attachment-full size-full wp-image-2190\" alt=\"\" srcset=\"https:\/\/misotech.it\/wp-content\/uploads\/2025\/12\/biplatform.png 675w, https:\/\/misotech.it\/wp-content\/uploads\/2025\/12\/biplatform-292x300.png 292w, https:\/\/misotech.it\/wp-content\/uploads\/2025\/12\/biplatform-370x380.png 370w, https:\/\/misotech.it\/wp-content\/uploads\/2025\/12\/biplatform-410x422.png 410w\" sizes=\"(max-width: 767px) 100vw, 675px\" \/>\t\t\t\t\t\t\t\t\t\t\t\t\t\t\t<\/div>\n\t\t\t\t<\/div>\n\t\t\t\t<\/div>\n\t\t\t\t\t<\/div>\n\t\t\t\t<\/div>\n\t\t<div class=\"elementor-element elementor-element-add046b e-flex e-con-boxed sc_layouts_column_icons_position_left e-con e-parent\" data-id=\"add046b\" data-element_type=\"container\" data-settings=\"{&quot;background_background&quot;:&quot;classic&quot;}\">\n\t\t\t\t\t<div class=\"e-con-inner\">\n\t\t<div data-animation-type=\"block\" class=\"elementor-element elementor-element-000e06b e-con-full e-flex sc_layouts_column_icons_position_left animation_type_block elementor-invisible e-con e-child\" data-id=\"000e06b\" data-element_type=\"container\" data-settings=\"{&quot;background_background&quot;:&quot;classic&quot;,&quot;animation&quot;:&quot;ta_fadeinup&quot;}\">\n\t\t\t\t<div class=\"elementor-element elementor-element-d7da5ef sc_fly_static elementor-widget elementor-widget-image\" data-id=\"d7da5ef\" data-element_type=\"widget\" data-widget_type=\"image.default\">\n\t\t\t\t<div class=\"elementor-widget-container\">\n\t\t\t\t\t\t\t\t\t\t\t\t\t\t\t<img decoding=\"async\" width=\"150\" height=\"48\" src=\"https:\/\/misotech.it\/wp-content\/uploads\/2025\/10\/faviconshort.png\" class=\"attachment-full size-full wp-image-1994\" alt=\"\" \/>\t\t\t\t\t\t\t\t\t\t\t\t\t\t\t<\/div>\n\t\t\t\t<\/div>\n\t\t\t\t<div class=\"elementor-element elementor-element-33671fc sc_fly_static elementor-widget elementor-widget-heading\" data-id=\"33671fc\" data-element_type=\"widget\" data-widget_type=\"heading.default\">\n\t\t\t\t<div class=\"elementor-widget-container\">\n\t\t\t\t\t<h3 class=\"elementor-heading-title elementor-size-default\">Un solo objetivo: eficiencia, escalabilidad y valor concreto<\/h3>\t\t\t\t<\/div>\n\t\t\t\t<\/div>\n\t\t\t\t<div class=\"elementor-element elementor-element-6f38ef1 sc_fly_static elementor-widget elementor-widget-text-editor\" data-id=\"6f38ef1\" data-element_type=\"widget\" data-widget_type=\"text-editor.default\">\n\t\t\t\t<div class=\"elementor-widget-container\">\n\t\t\t\t\t\t\t\t\t<p>En ambos sectores, <strong>Misotech\u2122<\/strong> se posiciona como un socio estrat\u00e9gico para las empresas que quieren crecer a trav\u00e9s de la <strong>tecnolog\u00eda<\/strong>, la<strong> personalizaci\u00f3n<\/strong> y la <strong>sostenibilidad<\/strong>.<br>Nuestras soluciones est\u00e1n dise\u00f1adas para ser escalables, f\u00e1ciles de implementar y de alto valor a\u00f1adido, con un <strong>impacto real<\/strong> en la competitividad empresarial.<\/p>\t\t\t\t\t\t\t\t<\/div>\n\t\t\t\t<\/div>\n\t\t\t\t<\/div>\n\t\t\t\t\t<\/div>\n\t\t\t\t<\/div>\n\t\t\t\t<\/div>\n\t\t","protected":false},"excerpt":{"rendered":"<p>Sectores de aplicaci\u00f3n: soluciones Misotech\u2122 para los sectores&hellip;<\/p>\n","protected":false},"author":1,"featured_media":0,"parent":0,"menu_order":0,"comment_status":"closed","ping_status":"closed","template":"","meta":{"footnotes":""},"class_list":["post-2062","page","type-page","status-publish","hentry"],"_links":{"self":[{"href":"https:\/\/misotech.it\/es\/wp-json\/wp\/v2\/pages\/2062","targetHints":{"allow":["GET"]}}],"collection":[{"href":"https:\/\/misotech.it\/es\/wp-json\/wp\/v2\/pages"}],"about":[{"href":"https:\/\/misotech.it\/es\/wp-json\/wp\/v2\/types\/page"}],"author":[{"embeddable":true,"href":"https:\/\/misotech.it\/es\/wp-json\/wp\/v2\/users\/1"}],"replies":[{"embeddable":true,"href":"https:\/\/misotech.it\/es\/wp-json\/wp\/v2\/comments?post=2062"}],"version-history":[{"count":4,"href":"https:\/\/misotech.it\/es\/wp-json\/wp\/v2\/pages\/2062\/revisions"}],"predecessor-version":[{"id":2196,"href":"https:\/\/misotech.it\/es\/wp-json\/wp\/v2\/pages\/2062\/revisions\/2196"}],"wp:attachment":[{"href":"https:\/\/misotech.it\/es\/wp-json\/wp\/v2\/media?parent=2062"}],"curies":[{"name":"wp","href":"https:\/\/api.w.org\/{rel}","templated":true}]}}